{"id":10092,"date":"2020-07-01T20:43:43","date_gmt":"2020-07-01T18:43:43","guid":{"rendered":"https:\/\/www.kx-oraio.com\/einzigartige-kaffeeroestmethode\/"},"modified":"2020-07-01T20:43:44","modified_gmt":"2020-07-01T18:43:44","slug":"einzigartige-kaffeeroestmethode","status":"publish","type":"page","link":"https:\/\/www.kx-oraio.com\/de\/einzigartige-kaffeeroestmethode\/","title":{"rendered":"Einzigartige Kaffeer\u00f6stmethode"},"content":{"rendered":"<section class=\"l-section wpb_row us_custom_efe130bb height_auto width_full\"><div class=\"l-section-h i-cf\"><div class=\"g-cols vc_row via_flex valign_middle type_default\"><div class=\"vc_col-sm-3 wpb_column vc_column_container\"><div class=\"vc_column-inner us_custom_4af741be\"><div class=\"wpb_wrapper\"><div class=\"w-image us_custom_48bad709 align_center\"><div class=\"w-image-h\"><img width=\"1200\" height=\"1800\" data-src=\"https:\/\/www.kx-oraio.com\/wp-content\/uploads\/2020\/02\/roasted-coffee-beans-check-1.jpg\" class=\"attachment-full size-full lazyload\" alt=\"Kontrolle der ger\u00f6steten Kaffeebohnen\" loading=\"lazy\" data-srcset=\"https:\/\/www.kx-oraio.com\/wp-content\/uploads\/2020\/02\/roasted-coffee-beans-check-1.jpg 1200w, https:\/\/www.kx-oraio.com\/wp-content\/uploads\/2020\/02\/roasted-coffee-beans-check-1-600x900.jpg 600w\" data-sizes=\"(max-width: 1200px) 100vw, 1200px\" title=\"\" src=\"data:image\/gif;base64,R0lGODlhAQABAAAAACH5BAEKAAEALAAAAAABAAEAAAICTAEAOw==\" style=\"--smush-placeholder-width: 1200px; --smush-placeholder-aspect-ratio: 1200\/1800;\"><noscript><img width=\"1200\" height=\"1800\" src=\"https:\/\/www.kx-oraio.com\/wp-content\/uploads\/2020\/02\/roasted-coffee-beans-check-1.jpg\" class=\"attachment-full size-full\" alt=\"Kontrolle der ger\u00f6steten Kaffeebohnen\" loading=\"lazy\" srcset=\"https:\/\/www.kx-oraio.com\/wp-content\/uploads\/2020\/02\/roasted-coffee-beans-check-1.jpg 1200w, https:\/\/www.kx-oraio.com\/wp-content\/uploads\/2020\/02\/roasted-coffee-beans-check-1-600x900.jpg 600w\" sizes=\"(max-width: 1200px) 100vw, 1200px\" title=\"\"><\/noscript><\/div><\/div><\/div><\/div><\/div><div class=\"vc_col-sm-6 wpb_column vc_column_container\"><div class=\"vc_column-inner us_custom_b6a72ce1\"><div class=\"wpb_wrapper\"><div class=\"w-video align_center ratio_4x3\" onclick=\"return {&quot;player_html&quot;:&quot;&lt;div class=\\&quot;BorlabsCookie\\&quot;&gt;&lt;div class=\\&quot;_brlbs-content-blocker\\&quot;&gt; &lt;div class=\\&quot;_brlbs-embed _brlbs-video-youtube\\&quot;&gt; &lt;img class=\\&quot;_brlbs-thumbnail\\&quot; src=\\&quot;https:\\\/\\\/www.kx-oraio.com\\\/wp-content\\\/plugins\\\/borlabs-cookie\\\/images\\\/cb-no-thumbnail.png\\&quot; alt=\\&quot;YouTube\\&quot;&gt; &lt;div class=\\&quot;_brlbs-caption\\&quot;&gt; &lt;p&gt;Mit dem Laden des Videos akzeptieren Sie die Datenschutzerkl\\u00e4rung von YouTube.&lt;br&gt;&lt;a href=\\&quot;https:\\\/\\\/policies.google.com\\\/privacy\\&quot; target=\\&quot;_blank\\&quot; rel=\\&quot;nofollow noopener noreferrer\\&quot;&gt;Mehr erfahren&lt;\\\/a&gt;&lt;\\\/p&gt; &lt;p&gt;&lt;a class=\\&quot;_brlbs-btn _brlbs-icon-play-white\\&quot; href=\\&quot;#\\&quot; data-borlabs-cookie-unblock role=\\&quot;button\\&quot;&gt;Video laden&lt;\\\/a&gt;&lt;\\\/p&gt; &lt;p&gt;&lt;label&gt;&lt;input type=\\&quot;checkbox\\&quot; name=\\&quot;unblockAll\\&quot; value=\\&quot;1\\&quot; checked&gt; &lt;small&gt;YouTube immer entsperren&lt;\\\/small&gt;&lt;\\\/label&gt;&lt;\\\/p&gt; &lt;\\\/div&gt; &lt;\\\/div&gt; &lt;\\\/div&gt;&lt;div class=\\&quot;borlabs-hide\\&quot; data-borlabs-cookie-type=\\&quot;content-blocker\\&quot; data-borlabs-cookie-id=\\&quot;youtube\\&quot;&gt;&lt;script type=\\&quot;text\\\/template\\&quot;&gt;PGlmcmFtZSB0aXRsZT0iS1ggT1JBSU8gc3VwcGxpZXIgY29mZmVlIHByb2R1Y3Rpb24gU3dpdHplcmxhbmQiIHdpZHRoPSI2NDAiIGhlaWdodD0iMzYwIiBzcmM9Imh0dHBzOi8vd3d3LnlvdXR1YmUtbm9jb29raWUuY29tL2VtYmVkLzdxOC00ZEdRNEFBP2ZlYXR1cmU9b2VtYmVkIiBmcmFtZWJvcmRlcj0iMCIgYWxsb3c9ImFjY2VsZXJvbWV0ZXI7IGF1dG9wbGF5OyBjbGlwYm9hcmQtd3JpdGU7IGVuY3J5cHRlZC1tZWRpYTsgZ3lyb3Njb3BlOyBwaWN0dXJlLWluLXBpY3R1cmUiIGFsbG93ZnVsbHNjcmVlbj48L2lmcmFtZT4=&lt;\\\/script&gt;&lt;\\\/div&gt;&lt;\\\/div&gt;&quot;}\"><div class=\"w-video-h\"><div class=\"BorlabsCookie\"><div class=\"_brlbs-content-blocker\"> <div class=\"_brlbs-embed _brlbs-video-youtube\"> <img class=\"_brlbs-thumbnail lazyload\" data-src=\"https:\/\/www.kx-oraio.com\/wp-content\/plugins\/borlabs-cookie\/images\/cb-no-thumbnail.png\" alt=\"YouTube\" src=\"data:image\/gif;base64,R0lGODlhAQABAAAAACH5BAEKAAEALAAAAAABAAEAAAICTAEAOw==\"><noscript><img class=\"_brlbs-thumbnail\" src=\"https:\/\/www.kx-oraio.com\/wp-content\/plugins\/borlabs-cookie\/images\/cb-no-thumbnail.png\" alt=\"YouTube\"><\/noscript> <div class=\"_brlbs-caption\"> <p>Mit dem Laden des Videos akzeptieren Sie die Datenschutzerkl\u00e4rung von YouTube.<br><a href=\"https:\/\/policies.google.com\/privacy\" target=\"_blank\" rel=\"nofollow noopener noreferrer\">Mehr erfahren<\/a><\/p> <p><a class=\"_brlbs-btn _brlbs-icon-play-white\" href=\"#\" data-borlabs-cookie-unblock role=\"button\">Video laden<\/a><\/p> <p><label><input type=\"checkbox\" name=\"unblockAll\" value=\"1\" checked> <small>YouTube immer entsperren<\/small><\/label><\/p> <\/div> <\/div> <\/div><div class=\"borlabs-hide\" data-borlabs-cookie-type=\"content-blocker\" data-borlabs-cookie-id=\"youtube\"><script type=\"text\/template\">PGlmcmFtZSB0aXRsZT0iWW91dHViZSB2aWRlbyBwbGF5ZXIiIHNyYz0iLy93d3cueW91dHViZS1ub2Nvb2tpZS5jb20vZW1iZWQvN3E4LTRkR1E0QUE\/b3JpZ2luPWh0dHBzOi8vd3d3Lmt4LW9yYWlvLmNvbSZjb250cm9scz0xIiBhbGxvd2Z1bGxzY3JlZW49IjEiIGxvYWRpbmc9ImxhenkiPjwvaWZyYW1lPg==<\/script><\/div><\/div><\/div><div class=\"w-video-icon\" style=\"font-size:1.5rem;background:rgba(0,0,0,0.5);color:#fff\"><\/div><\/div><\/div><\/div><\/div><div class=\"vc_col-sm-3 wpb_column vc_column_container\"><div class=\"vc_column-inner us_custom_b6a72ce1\"><div class=\"wpb_wrapper\"><div class=\"w-image align_center\"><div class=\"w-image-h\"><img width=\"1200\" height=\"1800\" data-src=\"https:\/\/www.kx-oraio.com\/wp-content\/uploads\/2020\/02\/coffee-roasting-sphere-1.jpg\" class=\"attachment-full size-full lazyload\" alt=\"Kaffeer\u00f6sterei-Kugel\" loading=\"lazy\" data-srcset=\"https:\/\/www.kx-oraio.com\/wp-content\/uploads\/2020\/02\/coffee-roasting-sphere-1.jpg 1200w, https:\/\/www.kx-oraio.com\/wp-content\/uploads\/2020\/02\/coffee-roasting-sphere-1-600x900.jpg 600w\" data-sizes=\"(max-width: 1200px) 100vw, 1200px\" title=\"\" src=\"data:image\/gif;base64,R0lGODlhAQABAAAAACH5BAEKAAEALAAAAAABAAEAAAICTAEAOw==\" style=\"--smush-placeholder-width: 1200px; --smush-placeholder-aspect-ratio: 1200\/1800;\"><noscript><img width=\"1200\" height=\"1800\" src=\"https:\/\/www.kx-oraio.com\/wp-content\/uploads\/2020\/02\/coffee-roasting-sphere-1.jpg\" class=\"attachment-full size-full\" alt=\"Kaffeer\u00f6sterei-Kugel\" loading=\"lazy\" srcset=\"https:\/\/www.kx-oraio.com\/wp-content\/uploads\/2020\/02\/coffee-roasting-sphere-1.jpg 1200w, https:\/\/www.kx-oraio.com\/wp-content\/uploads\/2020\/02\/coffee-roasting-sphere-1-600x900.jpg 600w\" sizes=\"(max-width: 1200px) 100vw, 1200px\" title=\"\"><\/noscript><\/div><\/div><\/div><\/div><\/div><\/div><\/div><\/section><section class=\"l-section wpb_row us_custom_9e9d6436 height_medium\"><div class=\"l-section-h i-cf\"><div class=\"g-cols vc_row via_flex valign_top type_default\"><div class=\"vc_col-sm-12 wpb_column vc_column_container\"><div class=\"vc_column-inner\"><div class=\"wpb_wrapper\"><div class=\"wpb_text_column\"><div class=\"wpb_wrapper\"><h2 style=\"text-align: center;\"><span style=\"color: #ffffff;\">Unser Kaffeer\u00f6stverfahren<\/span><\/h2>\n<\/div><\/div><\/div><\/div><\/div><\/div><\/div><\/section><section class=\"l-section wpb_row us_custom_94fbb495 height_auto width_full\"><div class=\"l-section-h i-cf\"><div class=\"g-cols vc_row via_flex valign_middle type_default\"><div class=\"vc_col-sm-6 wpb_column vc_column_container\"><div class=\"vc_column-inner us_custom_5ab24b36\"><div class=\"wpb_wrapper\"><div class=\"w-image align_center\"><div class=\"w-image-h\"><img width=\"1366\" height=\"768\" data-src=\"https:\/\/www.kx-oraio.com\/wp-content\/uploads\/2020\/02\/roasted-coffee-beans.jpg\" class=\"attachment-full size-full lazyload\" alt=\"Kaffeebohnen r\u00f6sten\" loading=\"lazy\" data-srcset=\"https:\/\/www.kx-oraio.com\/wp-content\/uploads\/2020\/02\/roasted-coffee-beans.jpg 1366w, https:\/\/www.kx-oraio.com\/wp-content\/uploads\/2020\/02\/roasted-coffee-beans-600x337.jpg 600w\" data-sizes=\"(max-width: 1366px) 100vw, 1366px\" title=\"\" src=\"data:image\/gif;base64,R0lGODlhAQABAAAAACH5BAEKAAEALAAAAAABAAEAAAICTAEAOw==\" style=\"--smush-placeholder-width: 1366px; --smush-placeholder-aspect-ratio: 1366\/768;\"><noscript><img width=\"1366\" height=\"768\" src=\"https:\/\/www.kx-oraio.com\/wp-content\/uploads\/2020\/02\/roasted-coffee-beans.jpg\" class=\"attachment-full size-full\" alt=\"Kaffeebohnen r\u00f6sten\" loading=\"lazy\" srcset=\"https:\/\/www.kx-oraio.com\/wp-content\/uploads\/2020\/02\/roasted-coffee-beans.jpg 1366w, https:\/\/www.kx-oraio.com\/wp-content\/uploads\/2020\/02\/roasted-coffee-beans-600x337.jpg 600w\" sizes=\"(max-width: 1366px) 100vw, 1366px\" title=\"\"><\/noscript><\/div><\/div><\/div><\/div><\/div><div class=\"vc_col-sm-6 wpb_column vc_column_container\"><div class=\"vc_column-inner us_custom_74b57add\"><div class=\"wpb_wrapper\"><div class=\"wpb_text_column us_custom_e5aea6d2\"><div class=\"wpb_wrapper\"><p><a href=\"https:\/\/www.kx-oraio.com\/\">Wir<\/a> stellen unsere <strong><a href=\"https:\/\/www.kx-oraio.com\/shop\/\">einzigartigen Kaffeemischungen<\/a><\/strong> her, indem wir die Bohnen sorgf\u00e4ltig nach ihren Eigenschaften hinsichtlich der Geschmacksentwicklung und des Verhaltens beim R\u00f6sten ausw\u00e4hlen. Wir achten darauf, hochwertige Rohbohnen als Basisprodukt zu verwenden, um ein stabiles Qualit\u00e4tsniveau in allen Herstellungsschritten zu gew\u00e4hrleisten.<br \/>\nUm den komplexen und harmonischen Geschmack der Kaffeemischungen zu erreichen, w\u00e4hlen wir verschiedene Kaffeebohnen aus der ganzen Welt aus und f\u00fchren sie zusammen. Unsere Arabica-Mischung enth\u00e4lt eine Zusammensetzung von Rohbohnen, die von spezialisierten Plantagen in Guatemala, <a href=\"https:\/\/www.kx-oraio.com\/de\/kaffeewissen\/salvador-shg\/\">El Salvador<\/a>, <a href=\"https:\/\/www.kx-oraio.com\/de\/kaffeewissen\/costa-rica-hb\/\">Costa Rica<\/a>, <a href=\"https:\/\/www.kx-oraio.com\/de\/kaffeewissen\/santos-ny2-guaxupe-dulce\/\">Brasilien<\/a> und <a href=\"https:\/\/www.kx-oraio.com\/de\/kaffeewissen\/indian-parchment-ab\/\">Indien<\/a> hergestellt werden. Unser starker <a href=\"https:\/\/www.kx-oraio.com\/de\/kaffeewissen\/indian-cherry-a\/\">Robusta<\/a> auf der anderen Seite ist eine Wahl nur aus <a href=\"https:\/\/www.kx-oraio.com\/de\/kaffeewissen\/malabar-aa-monsooned\/\">indischen Bohnen<\/a>.<\/p>\n<\/div><\/div><\/div><\/div><\/div><\/div><\/div><\/section><section class=\"l-section wpb_row us_custom_2924ced5 height_auto width_full\"><div class=\"l-section-h i-cf\"><div class=\"g-cols vc_row via_flex valign_middle type_default\"><div class=\"vc_col-sm-6 wpb_column vc_column_container\"><div class=\"vc_column-inner us_custom_74b57add\"><div class=\"wpb_wrapper\"><div class=\"wpb_text_column us_custom_e5aea6d2\"><div class=\"wpb_wrapper\"><p>Die Verfeinerung der Kaffeer\u00f6stung ist das Herzst\u00fcck der Kaffeeverarbeitung und schwer zu beherrschen.<br \/>\nUnsere besondere R\u00f6stmethode ist in der Schweiz weitgehend einzigartig und heutzutage selten, da es sich um eine vollst\u00e4ndig manuelle Behandlung handelt. Es erfordert viel Erfahrung, um die Bohnen auf diese Weise zu verfeinern: Stellen Sie sich eine gro\u00dfe runde Metallkugel vor, in der die rohen Kaffeebohnen \u00fcber einem gro\u00dfen offenen Feuer h\u00e4ngen.<\/p>\n<\/div><\/div><\/div><\/div><\/div><div class=\"vc_col-sm-6 wpb_column vc_column_container\"><div class=\"vc_column-inner us_custom_570e4b95\"><div class=\"wpb_wrapper\"><div class=\"w-image align_center\"><div class=\"w-image-h\"><img width=\"1366\" height=\"768\" data-src=\"https:\/\/www.kx-oraio.com\/wp-content\/uploads\/2020\/02\/roasting-sphere.jpg\" class=\"attachment-full size-full lazyload\" alt=\"Kaffeer\u00f6sterei-Kugel\" loading=\"lazy\" data-srcset=\"https:\/\/www.kx-oraio.com\/wp-content\/uploads\/2020\/02\/roasting-sphere.jpg 1366w, https:\/\/www.kx-oraio.com\/wp-content\/uploads\/2020\/02\/roasting-sphere-600x337.jpg 600w\" data-sizes=\"(max-width: 1366px) 100vw, 1366px\" title=\"\" src=\"data:image\/gif;base64,R0lGODlhAQABAAAAACH5BAEKAAEALAAAAAABAAEAAAICTAEAOw==\" style=\"--smush-placeholder-width: 1366px; --smush-placeholder-aspect-ratio: 1366\/768;\"><noscript><img width=\"1366\" height=\"768\" src=\"https:\/\/www.kx-oraio.com\/wp-content\/uploads\/2020\/02\/roasting-sphere.jpg\" class=\"attachment-full size-full\" alt=\"Kaffeer\u00f6sterei-Kugel\" loading=\"lazy\" srcset=\"https:\/\/www.kx-oraio.com\/wp-content\/uploads\/2020\/02\/roasting-sphere.jpg 1366w, https:\/\/www.kx-oraio.com\/wp-content\/uploads\/2020\/02\/roasting-sphere-600x337.jpg 600w\" sizes=\"(max-width: 1366px) 100vw, 1366px\" title=\"\"><\/noscript><\/div><\/div><\/div><\/div><\/div><\/div><\/div><\/section><section class=\"l-section wpb_row us_custom_2924ced5 height_auto width_full\"><div class=\"l-section-h i-cf\"><div class=\"g-cols vc_row via_flex valign_middle type_default\"><div class=\"vc_col-sm-6 wpb_column vc_column_container\"><div class=\"vc_column-inner us_custom_f0cb8381\"><div class=\"wpb_wrapper\"><div class=\"w-image align_center\"><div class=\"w-image-h\"><img width=\"1366\" height=\"768\" data-src=\"https:\/\/www.kx-oraio.com\/wp-content\/uploads\/2020\/02\/freshly-roasted-coffee-beans.jpg\" class=\"attachment-full size-full lazyload\" alt=\"frisch ger\u00f6stete Kaffeebohnen\" loading=\"lazy\" data-srcset=\"https:\/\/www.kx-oraio.com\/wp-content\/uploads\/2020\/02\/freshly-roasted-coffee-beans.jpg 1366w, https:\/\/www.kx-oraio.com\/wp-content\/uploads\/2020\/02\/freshly-roasted-coffee-beans-600x337.jpg 600w\" data-sizes=\"(max-width: 1366px) 100vw, 1366px\" title=\"\" src=\"data:image\/gif;base64,R0lGODlhAQABAAAAACH5BAEKAAEALAAAAAABAAEAAAICTAEAOw==\" style=\"--smush-placeholder-width: 1366px; --smush-placeholder-aspect-ratio: 1366\/768;\"><noscript><img width=\"1366\" height=\"768\" src=\"https:\/\/www.kx-oraio.com\/wp-content\/uploads\/2020\/02\/freshly-roasted-coffee-beans.jpg\" class=\"attachment-full size-full\" alt=\"frisch ger\u00f6stete Kaffeebohnen\" loading=\"lazy\" srcset=\"https:\/\/www.kx-oraio.com\/wp-content\/uploads\/2020\/02\/freshly-roasted-coffee-beans.jpg 1366w, https:\/\/www.kx-oraio.com\/wp-content\/uploads\/2020\/02\/freshly-roasted-coffee-beans-600x337.jpg 600w\" sizes=\"(max-width: 1366px) 100vw, 1366px\" title=\"\"><\/noscript><\/div><\/div><\/div><\/div><\/div><div class=\"vc_col-sm-6 wpb_column vc_column_container\"><div class=\"vc_column-inner us_custom_74b57add\"><div class=\"wpb_wrapper\"><div class=\"wpb_text_column us_custom_e5aea6d2\"><div class=\"wpb_wrapper\"><p>Beim R\u00f6sten konzentrieren wir uns konsequent auf die Temperaturen, die Bewegung der Kugel, den Farbwechsel der Bohnen, die Intensit\u00e4t des Rauchs und nat\u00fcrlich den angenehmen, verf\u00fchrerischen Geruch frisch ger\u00f6steter Kaffeebohnen. Und nicht nur das, wir h\u00f6ren sogar dem Kaffee zu, und sobald er &#8222;knackt&#8220; &#8211; ist es Zeit, ihn langsam und stetig zu entlassen und abzuk\u00fchlen.<br \/>\nNach der abschliessenden Qualit\u00e4tspr\u00fcfung verpacken wir den in der <a href=\"https:\/\/www.kx-oraio.com\/shop\/\"><strong>Schweiz veredelten Kaffee<\/strong><\/a> in unsere sch\u00fctzenden, luftdicht verschlossenen Kaffeebeutel aus Papier, die das volle Aroma der Bohnen zur Freude unserer Kunden bewahren.<\/p>\n<\/div><\/div><div class=\"w-separator size_medium\"><\/div><div class=\"w-btn-wrapper align_center\"><a class=\"w-btn us-btn-style_1\" title=\"Shop\" href=\"https:\/\/www.kx-oraio.com\/shop\/\"><span class=\"w-btn-label\">Jetzt einkaufen<\/span><\/a><\/div><\/div><\/div><\/div><\/div><\/div><\/section>\n","protected":false},"excerpt":{"rendered":"Unser Kaffeer\u00f6stverfahren Wir stellen unsere einzigartigen Kaffeemischungen her, indem wir die Bohnen sorgf\u00e4ltig nach ihren Eigenschaften hinsichtlich der Geschmacksentwicklung und des Verhaltens beim R\u00f6sten ausw\u00e4hlen. Wir achten darauf, hochwertige Rohbohnen als Basisprodukt zu verwenden, um ein stabiles Qualit\u00e4tsniveau in allen Herstellungsschritten zu gew\u00e4hrleisten. Um den komplexen und harmonischen Geschmack der Kaffeemischungen zu erreichen, w\u00e4hlen wir...","protected":false},"author":1,"featured_media":8224,"parent":0,"menu_order":0,"comment_status":"closed","ping_status":"closed","template":"","meta":[],"amp_enabled":true,"_links":{"self":[{"href":"https:\/\/www.kx-oraio.com\/de\/wp-json\/wp\/v2\/pages\/10092"}],"collection":[{"href":"https:\/\/www.kx-oraio.com\/de\/wp-json\/wp\/v2\/pages"}],"about":[{"href":"https:\/\/www.kx-oraio.com\/de\/wp-json\/wp\/v2\/types\/page"}],"author":[{"embeddable":true,"href":"https:\/\/www.kx-oraio.com\/de\/wp-json\/wp\/v2\/users\/1"}],"replies":[{"embeddable":true,"href":"https:\/\/www.kx-oraio.com\/de\/wp-json\/wp\/v2\/comments?post=10092"}],"version-history":[{"count":1,"href":"https:\/\/www.kx-oraio.com\/de\/wp-json\/wp\/v2\/pages\/10092\/revisions"}],"predecessor-version":[{"id":10093,"href":"https:\/\/www.kx-oraio.com\/de\/wp-json\/wp\/v2\/pages\/10092\/revisions\/10093"}],"wp:featuredmedia":[{"embeddable":true,"href":"https:\/\/www.kx-oraio.com\/de\/wp-json\/wp\/v2\/media\/8224"}],"wp:attachment":[{"href":"https:\/\/www.kx-oraio.com\/de\/wp-json\/wp\/v2\/media?parent=10092"}],"curies":[{"name":"wp","href":"https:\/\/api.w.org\/{rel}","templated":true}]}}