{"id":8393,"date":"2020-02-29T09:09:38","date_gmt":"2020-02-29T08:09:38","guid":{"rendered":"https:\/\/www.kx-oraio.com\/kontakt\/"},"modified":"2020-05-05T18:23:43","modified_gmt":"2020-05-05T16:23:43","slug":"kontakt","status":"publish","type":"page","link":"https:\/\/www.kx-oraio.com\/de\/kontakt\/","title":{"rendered":"Kontakt"},"content":{"rendered":"<section class=\"l-section wpb_row height_medium\"><div class=\"l-section-h i-cf\"><div class=\"g-cols vc_row via_flex valign_top type_default\" style=\"--additional-gap:10px;\"><div class=\"vc_col-sm-4 wpb_column vc_column_container\"><div class=\"vc_column-inner\"><div class=\"wpb_wrapper\"><div class=\"wpb_text_column\"><div class=\"wpb_wrapper\"><h3>Melden Sie sich f\u00fcr den Newsletter an, um die neuesten Informationen \u00fcber KX ORAIO zu erhalten.<\/h3>\n<\/div><\/div><div class=\"wpb_text_column\"><div class=\"wpb_wrapper\"><script>(function() {\n\twindow.mc4wp = window.mc4wp || {\n\t\tlisteners: [],\n\t\tforms: {\n\t\t\ton: function(evt, cb) {\n\t\t\t\twindow.mc4wp.listeners.push(\n\t\t\t\t\t{\n\t\t\t\t\t\tevent   : evt,\n\t\t\t\t\t\tcallback: cb\n\t\t\t\t\t}\n\t\t\t\t);\n\t\t\t}\n\t\t}\n\t}\n})();\n<\/script><!-- Mailchimp for WordPress v4.12.2 - https:\/\/wordpress.org\/plugins\/mailchimp-for-wp\/ --><form id=\"mc4wp-form-1\" class=\"mc4wp-form mc4wp-form-9278\" method=\"post\" data-id=\"9278\" data-name=\"Melden Sie sich f\u00fcr unseren Newsletter an.\" ><div class=\"mc4wp-form-fields\"><p>\n\t<label>E-Mail-Adresse: \n\t\t<input type=\"email\" name=\"EMAIL\" placeholder=\"Ihre E-Mail-Adresse\" required=\"\">\n<\/label>\n<\/p>\n<p>\n    <label>\n        <input name=\"AGREE_TO_TERMS\" type=\"checkbox\" value=\"1\" required=\"\"> <a href=\"\/?page_id=7122\" target=\"_blank\" rel=\"noopener noreferrer\">Ich habe die Allgemeinen Gesch\u00e4ftsbedingungen gelesen und stimme ihnen zu.<\/a>\n    <\/label>\n<\/p>\n\n<p>\n\t<input type=\"submit\" value=\"Sign up\">\n<\/p><\/div><label style=\"display: none !important;\">Wenn du ein Mensch bist, lasse das Feld leer: <input type=\"text\" name=\"_mc4wp_honeypot\" value=\"\" tabindex=\"-1\" autocomplete=\"off\" \/><\/label><input type=\"hidden\" name=\"_mc4wp_timestamp\" value=\"1777111908\" \/><input type=\"hidden\" name=\"_mc4wp_form_id\" value=\"9278\" \/><input type=\"hidden\" name=\"_mc4wp_form_element_id\" value=\"mc4wp-form-1\" \/><div class=\"mc4wp-response\"><\/div><\/form><!-- \/ Mailchimp for WordPress Plugin -->\n<\/div><\/div><div class=\"w-separator size_medium\"><\/div><div class=\"wpb_text_column\"><div class=\"wpb_wrapper\"><h3>Social Media<\/h3>\n<\/div><\/div><div class=\"w-separator size_small\"><\/div><div class=\"w-socials us_custom_c96a8a09 color_brand shape_rounded style_solid hover_fade\" style=\"--gap:0.1em;\"><div class=\"w-socials-list\"><div class=\"w-socials-item facebook\"><a class=\"w-socials-item-link\" href=\"https:\/\/www.facebook.com\/kxoraio\/?ref=bookmarks\" target=\"_blank\" rel=\"noopener nofollow\" title=\"Facebook\" aria-label=\"Facebook\"><span class=\"w-socials-item-link-hover\"><\/span><i class=\"fab fa-facebook\"><\/i><\/a><div class=\"w-socials-item-popup\"><span>Facebook<\/span><\/div><\/div><div class=\"w-socials-item twitter\"><a class=\"w-socials-item-link\" href=\"https:\/\/twitter.com\/kxoraio\" target=\"_blank\" rel=\"noopener nofollow\" title=\"Twitter\" aria-label=\"Twitter\"><span class=\"w-socials-item-link-hover\"><\/span><i class=\"fab fa-twitter\"><\/i><\/a><div class=\"w-socials-item-popup\"><span>Twitter<\/span><\/div><\/div><div class=\"w-socials-item instagram\"><a class=\"w-socials-item-link\" href=\"https:\/\/www.instagram.com\/kxoraio\/\" target=\"_blank\" rel=\"noopener nofollow\" title=\"Instagram\" aria-label=\"Instagram\"><span class=\"w-socials-item-link-hover\"><\/span><i class=\"fab fa-instagram\"><\/i><\/a><div class=\"w-socials-item-popup\"><span>Instagram<\/span><\/div><\/div><div class=\"w-socials-item linkedin\"><a class=\"w-socials-item-link\" href=\"https:\/\/www.linkedin.com\/company\/35578257\/admin\/\" target=\"_blank\" rel=\"noopener nofollow\" title=\"LinkedIn\" aria-label=\"LinkedIn\"><span class=\"w-socials-item-link-hover\"><\/span><i class=\"fab fa-linkedin\"><\/i><\/a><div class=\"w-socials-item-popup\"><span>LinkedIn<\/span><\/div><\/div><div class=\"w-socials-item youtube\"><a class=\"w-socials-item-link\" href=\"https:\/\/www.youtube.com\/channel\/UCBCcbQC-gcaDOYGDOoevfOg\" target=\"_blank\" rel=\"noopener nofollow\" title=\"YouTube\" aria-label=\"YouTube\"><span class=\"w-socials-item-link-hover\"><\/span><i class=\"fab fa-youtube\"><\/i><\/a><div class=\"w-socials-item-popup\"><span>YouTube<\/span><\/div><\/div><\/div><\/div><div class=\"w-separator size_medium\"><\/div><div class=\"wpb_text_column\"><div class=\"wpb_wrapper\"><h3>Kontaktinformationen<\/h3>\n<\/div><\/div><div class=\"w-separator size_small\"><\/div><div class=\"w-iconbox iconpos_left style_outlined color_primary align_left no_text\"><a href=\"mailto:info@example.com\" class=\"w-iconbox-link\" aria-label=\"info@kx-oraio.com\"><div class=\"w-iconbox-icon\" style=\"font-size:22px;\"><i class=\"far fa-envelope\"><\/i><\/div><\/a><div class=\"w-iconbox-meta\"><a href=\"mailto:info@example.com\" class=\"w-iconbox-link\" aria-label=\"info@kx-oraio.com\"><div class=\"w-iconbox-title\">info@kx-oraio.com<\/div><\/a><\/div><\/div><div class=\"w-separator size_small\"><\/div><div class=\"w-iconbox iconpos_left style_outlined color_primary align_left no_text\"><div class=\"w-iconbox-icon\" style=\"font-size:22px;\"><i class=\"far fa-map-marker-alt\"><\/i><\/div><div class=\"w-iconbox-meta\"><div class=\"w-iconbox-title\">Moosstrasse 43, 9014 St. Gallen, Switzerland<\/div><\/div><\/div><div class=\"w-separator size_large\"><\/div><div class=\"w-map provider_osm us_custom_8bc5602f\" id=\"us_map_1\"><div class=\"w-map-json\" onclick='return {&quot;address&quot;:&quot;Moosstrasse 43, 9014, St. Gallen, Switzerland&quot;,&quot;zoom&quot;:14,&quot;hideControls&quot;:0,&quot;disableZoom&quot;:0,&quot;disableDragging&quot;:0,&quot;markers&quot;:[{&quot;address&quot;:&quot;Moosstrasse 43, 9014, St. Gallen, Switzerland&quot;,&quot;html&quot;:&quot;Hallo! Wir sind hier! :)&quot;,&quot;infowindow&quot;:false}],&quot;style&quot;:&quot;https:\\\/\\\/{s}.tile.openstreetmap.org\\\/{z}\\\/{x}\\\/{y}.png&quot;}'><\/div><\/div><\/div><\/div><\/div><div class=\"vc_col-sm-8 wpb_column vc_column_container\"><div class=\"vc_column-inner\"><div class=\"wpb_wrapper\"><div class=\"wpb_text_column\"><div class=\"wpb_wrapper\"><h4><strong>Senden Sie uns eine Nachricht<\/strong><\/h4>\n<p>Senden Sie uns Ihre Nachricht oder Ihre Geschichte \u00fcber Ihre Katze \u00fcber das Kontaktformular unten. Unsere Gesch\u00e4ftszeiten sind <strong>Montag bis Freitag<\/strong> von <strong>09:00 bis 12:00 Uhr<\/strong> und <strong>13:00 bis 17:00 Uhr<\/strong>, GMT+1. Wir werden uns innerhalb von 48 Stunden bei Ihnen melden.<\/p>\n<\/div><\/div><div class=\"w-separator size_small\"><\/div><div role=\"form\" class=\"wpcf7\" id=\"wpcf7-f8625-o1\" lang=\"de-DE\" dir=\"ltr\">\n<div class=\"screen-reader-response\"><p role=\"status\" aria-live=\"polite\" aria-atomic=\"true\"><\/p> <ul><\/ul><\/div>\n<form action=\"\/de\/wp-json\/wp\/v2\/pages\/8393#wpcf7-f8625-o1\" method=\"post\" class=\"wpcf7-form init\" novalidate=\"novalidate\" data-status=\"init\">\n<div style=\"display: none;\">\n<input type=\"hidden\" name=\"_wpcf7\" value=\"8625\" \/>\n<input type=\"hidden\" name=\"_wpcf7_version\" value=\"5.6.4\" \/>\n<input type=\"hidden\" name=\"_wpcf7_locale\" value=\"de_DE\" \/>\n<input type=\"hidden\" name=\"_wpcf7_unit_tag\" value=\"wpcf7-f8625-o1\" \/>\n<input type=\"hidden\" name=\"_wpcf7_container_post\" value=\"0\" \/>\n<input type=\"hidden\" name=\"_wpcf7_posted_data_hash\" value=\"\" \/>\n<\/div>\n<div class=\"w-form-row for_name\">\n<div class=\"w-form-row-field\">\n<i class=\"fas fa-user\"><\/i><span class=\"wpcf7-form-control-wrap\" data-name=\"FirstName\"><input type=\"text\" name=\"FirstName\" value=\"\" size=\"40\" class=\"wpcf7-form-control wpcf7-text wpcf7-validates-as-required\" aria-required=\"true\" aria-invalid=\"false\" placeholder=\"First Name*\" \/><\/span>\n<\/div>\n<\/div>\n<div class=\"w-form-row for_name\">\n<div class=\"w-form-row-field\">\n<i class=\"fas fa-user\"><\/i><span class=\"wpcf7-form-control-wrap\" data-name=\"LastName\"><input type=\"text\" name=\"LastName\" value=\"\" size=\"40\" class=\"wpcf7-form-control wpcf7-text wpcf7-validates-as-required\" aria-required=\"true\" aria-invalid=\"false\" placeholder=\"Last Name*\" \/><\/span>\n<\/div>\n<\/div>\n<div class=\"w-form-row for_phone\">\n<div class=\"w-form-row-field\">\n<i class=\"fas fa-phone\"><\/i><span class=\"wpcf7-form-control-wrap\" data-name=\"PhoneNumber\"><input type=\"tel\" name=\"PhoneNumber\" value=\"\" size=\"40\" class=\"wpcf7-form-control wpcf7-text wpcf7-tel wpcf7-validates-as-tel\" aria-invalid=\"false\" placeholder=\"Phone Number\" \/><\/span>\n<\/div>\n<\/div>\n<div class=\"w-form-row for_email\">\n<div class=\"w-form-row-field\">\n<i class=\"fas fa-envelope\"><\/i><span class=\"wpcf7-form-control-wrap\" data-name=\"Email\"><input type=\"email\" name=\"Email\" value=\"\" size=\"40\" class=\"wpcf7-form-control wpcf7-text wpcf7-email wpcf7-validates-as-required wpcf7-validates-as-email\" aria-required=\"true\" aria-invalid=\"false\" placeholder=\"Email*\" \/><\/span>\n<\/div>\n<\/div>\n<div class=\"w-form-row for_email\">\n<div class=\"w-form-row-field\">\n<i class=\"fas fa-building\"><\/i><span class=\"wpcf7-form-control-wrap\" data-name=\"Company\"><input type=\"text\" name=\"Company\" value=\"\" size=\"40\" class=\"wpcf7-form-control wpcf7-text\" aria-invalid=\"false\" placeholder=\"Company\" \/><\/span>\n<\/div>\n<\/div>\n<div class=\"w-form-row for_text\">\n<div class=\"w-form-row-field\">\n<i class=\"fas fa-calculator\"><\/i><span class=\"wpcf7-form-control-wrap\" data-name=\"VAT-Number\"><input type=\"text\" name=\"VAT-Number\" value=\"\" size=\"40\" class=\"wpcf7-form-control wpcf7-text\" aria-invalid=\"false\" placeholder=\"VAT-Number\" \/><\/span>\n<\/div>\n<\/div>\n<div class=\"w-form-row for_dropdown\">\n<div class=\"w-form-row-field\">\nWas ist Ihr Anliegen?<br \/>\n<span class=\"wpcf7-form-control-wrap\" data-name=\"your-request\"><select name=\"your-request\" class=\"wpcf7-form-control wpcf7-select wpcf7-validates-as-required\" aria-required=\"true\" aria-invalid=\"false\"><option value=\"\">---<\/option><option value=\"General\">General<\/option><option value=\"Question\">Question<\/option><option value=\"Quote\">Quote<\/option><option value=\"B2B\">B2B<\/option><option value=\"Reseller\">Reseller<\/option><\/select><\/span>\n<\/div>\n<\/div>\n<div class=\"w-form-row for_message\">\n<div class=\"w-form-row-field\">\n<i class=\"fas fa-pencil\"><\/i><span class=\"wpcf7-form-control-wrap\" data-name=\"Message\"><textarea name=\"Message\" cols=\"40\" rows=\"10\" class=\"wpcf7-form-control wpcf7-textarea wpcf7-validates-as-required\" aria-required=\"true\" aria-invalid=\"false\" placeholder=\"Message*\"><\/textarea><\/span>\n<\/div>\n<\/div>\n<div class=\"w-form-row form_acceptance\">\n<div class=\"w-form-field\">\nIch stimme zu, dass meine Daten zur Beantwortung jeder gesendeten Nachricht und zur Bearbeitung der Aufgaben, die die Nachricht betreffen, verwendet werden. *<\/p>\n<p><span class=\"wpcf7-form-control-wrap\" data-name=\"acceptance-569\"><span class=\"wpcf7-form-control wpcf7-acceptance\"><span class=\"wpcf7-list-item\"><label><input type=\"checkbox\" name=\"acceptance-569\" value=\"1\" aria-invalid=\"false\" \/><span class=\"wpcf7-list-item-label\">Ich habe die <a href=\"https:\/\/www.kx-oraio.com\/terms-and-conditions\/\" rel=\"noreferrer noopener\" style=\"color:#1a1a1a; font-weight: bold;\" target=\"_blank\" title=\"Gehe zu Allgemeine Gesch\u00e4ftsbedingungen in einem neuen Tab\">Allgemeinen Gesch\u00e4ftsbedingungen<\/a> und die <a href=\"https:\/\/www.kx-oraio.com\/privacy-policy\/\" rel=\"noreferrer noopener\" style=\"color:#1a1a1a; font-weight: bold;\" target=\"_blank\" title=\"Zur Datenschutzrichtlinie in einem neuen Tab gehen\">Datenschutzrichtlinie<\/a> gelesen und stimme ihnen zu.<\/span><\/label><\/span><\/span><\/span>\n<\/div>\n<\/div>\n<div class=\"w-form-row form_submit\">\n<div class=\"w-form-field\">\n<input type=\"submit\" value=\"Send Message\" class=\"wpcf7-form-control has-spinner wpcf7-submit w-btn color_primary\" \/>\n<\/div>\n<\/div>\n<div class=\"inv-recaptcha-holder\"><\/div><div class=\"wpcf7-response-output\" aria-hidden=\"true\"><\/div><\/form><\/div><\/div><\/div><\/div><\/div><\/div><\/section>\n","protected":false},"excerpt":{"rendered":"Melden Sie sich f\u00fcr den Newsletter an, um die neuesten Informationen \u00fcber KX ORAIO zu erhalten. E-Mail-Adresse: Ich habe die Allgemeinen Gesch\u00e4ftsbedingungen gelesen und stimme ihnen zu. Wenn du ein Mensch bist, lasse das Feld leer: Social Media FacebookTwitterInstagramLinkedInYouTubeKontaktinformationen info@kx-oraio.comMoosstrasse 43, 9014 St. Gallen, SwitzerlandSenden Sie uns eine Nachricht Senden Sie uns Ihre Nachricht oder...","protected":false},"author":1,"featured_media":0,"parent":0,"menu_order":0,"comment_status":"closed","ping_status":"closed","template":"","meta":[],"amp_enabled":true,"_links":{"self":[{"href":"https:\/\/www.kx-oraio.com\/de\/wp-json\/wp\/v2\/pages\/8393"}],"collection":[{"href":"https:\/\/www.kx-oraio.com\/de\/wp-json\/wp\/v2\/pages"}],"about":[{"href":"https:\/\/www.kx-oraio.com\/de\/wp-json\/wp\/v2\/types\/page"}],"author":[{"embeddable":true,"href":"https:\/\/www.kx-oraio.com\/de\/wp-json\/wp\/v2\/users\/1"}],"replies":[{"embeddable":true,"href":"https:\/\/www.kx-oraio.com\/de\/wp-json\/wp\/v2\/comments?post=8393"}],"version-history":[{"count":10,"href":"https:\/\/www.kx-oraio.com\/de\/wp-json\/wp\/v2\/pages\/8393\/revisions"}],"predecessor-version":[{"id":9279,"href":"https:\/\/www.kx-oraio.com\/de\/wp-json\/wp\/v2\/pages\/8393\/revisions\/9279"}],"wp:attachment":[{"href":"https:\/\/www.kx-oraio.com\/de\/wp-json\/wp\/v2\/media?parent=8393"}],"curies":[{"name":"wp","href":"https:\/\/api.w.org\/{rel}","templated":true}]}}