{"id":8395,"date":"2020-02-29T09:29:40","date_gmt":"2020-02-29T08:29:40","guid":{"rendered":"https:\/\/www.kx-oraio.com\/faq\/"},"modified":"2020-07-01T21:25:51","modified_gmt":"2020-07-01T19:25:51","slug":"faq","status":"publish","type":"page","link":"https:\/\/www.kx-oraio.com\/de\/faq\/","title":{"rendered":"FAQ"},"content":{"rendered":"<section class=\"l-section wpb_row height_medium\"><div class=\"l-section-h i-cf\"><div class=\"g-cols vc_row via_flex valign_top type_default\"><div class=\"vc_col-sm-9 wpb_column vc_column_container\"><div class=\"vc_column-inner\"><div class=\"wpb_wrapper\"><div class=\"w-tabs style_default switch_click accordion type_togglable has_scrolling\" style=\"--sections-title-size:1.2rem\"><div class=\"w-tabs-sections titles-align_none icon_chevron cpos_right\"><div class=\"w-tabs-section\" id=\"1580044821471-331e5747-04d6\"><button aria-controls=\"content-1580044821471-331e5747-04d6\" class=\"w-tabs-section-header with_icon\"><i class=\"far fa-question-circle\"><\/i><div class=\"w-tabs-section-title\">Welche Kaffeebohnen verwenden wir?<\/div><div class=\"w-tabs-section-control\"><\/div><\/button><div  class=\"w-tabs-section-content\" id=\"content-1580044821471-331e5747-04d6\" aria-expanded=\"false\"><div class=\"w-tabs-section-content-h i-cf\"><div class=\"wpb_text_column\"><div class=\"wpb_wrapper\"><ul>\n<li>Costa Rica hb<\/li>\n<li>Salvador shg<\/li>\n<li>Brasil Santos NY2 17\/18 Guaxupe Dulce<\/li>\n<li>Guatemala<\/li>\n<li>Ind. Cherry A screen 17<\/li>\n<li>Malabar AA monsooned<\/li>\n<li>Indian Parchment AB<\/li>\n<\/ul>\n<\/div><\/div><\/div><\/div><\/div><div class=\"w-tabs-section\" id=\"1580044821501-6ca6dfae-ab44\"><button aria-controls=\"content-1580044821501-6ca6dfae-ab44\" class=\"w-tabs-section-header with_icon\"><i class=\"far fa-question-circle\"><\/i><div class=\"w-tabs-section-title\">Was unterscheidet unseren Kaffee von anderen?<\/div><div class=\"w-tabs-section-control\"><\/div><\/button><div  class=\"w-tabs-section-content\" id=\"content-1580044821501-6ca6dfae-ab44\" aria-expanded=\"false\"><div class=\"w-tabs-section-content-h i-cf\"><div class=\"wpb_text_column\"><div class=\"wpb_wrapper\"><p>Wir verwenden eine einzigartige R\u00f6stmethode. Eine Eisengusskugel \u00fcber offenem Feuer. Die niedrigere Temperatur und die l\u00e4ngere R\u00f6stzeit reduzieren Acrylamid, verbessern das Aroma und den Geschmack und verringern die Bitterstoffe.<\/p>\n<\/div><\/div><\/div><\/div><\/div><div class=\"w-tabs-section\" id=\"1580044821924-1325ed51-4331\"><button aria-controls=\"content-1580044821924-1325ed51-4331\" class=\"w-tabs-section-header with_icon\"><i class=\"far fa-question-circle\"><\/i><div class=\"w-tabs-section-title\">Wie lange k\u00f6nnen Sie die Kaffeebohnen aufbewahren?<\/div><div class=\"w-tabs-section-control\"><\/div><\/button><div  class=\"w-tabs-section-content\" id=\"content-1580044821924-1325ed51-4331\" aria-expanded=\"false\"><div class=\"w-tabs-section-content-h i-cf\"><div class=\"wpb_text_column\"><div class=\"wpb_wrapper\"><p>Nachdem Sie die Kaffeebohnen gekauft haben, k\u00f6nnen Sie sie 6 Monate lang aufbewahren. Wir empfehlen, sie nach 2 Monaten aufzubrauchen, um das beste Aroma und den besten Geschmack zu erhalten.<\/p>\n<\/div><\/div><\/div><\/div><\/div><div class=\"w-tabs-section\" id=\"1580044822153-a5b5108c-a5dc\"><button aria-controls=\"content-1580044822153-a5b5108c-a5dc\" class=\"w-tabs-section-header with_icon\"><i class=\"far fa-question-circle\"><\/i><div class=\"w-tabs-section-title\">Warum verwenden wir Papierverpackungen?<\/div><div class=\"w-tabs-section-control\"><\/div><\/button><div  class=\"w-tabs-section-content\" id=\"content-1580044822153-a5b5108c-a5dc\" aria-expanded=\"false\"><div class=\"w-tabs-section-content-h i-cf\"><div class=\"wpb_text_column\"><div class=\"wpb_wrapper\"><p>Wir verwenden Papiert\u00fcten ohne Aluminiumfolie. Es ist umweltfreundlicher, da die Gewinnung von Aluminium aus dem Boden viel Energie erfordert. Leider verk\u00fcrzt sich dadurch die Haltbarkeit von etwa 12 Monaten auf 6 Monate. Trotzdem sollten Sie Ihre Kaffeebohnen nicht 12 Monate lang aufbewahren. Wir empfehlen, sie nach 2 Monaten aufzubrauchen, um das beste Aroma und den besten Geschmack zu erhalten.<\/p>\n<\/div><\/div><\/div><\/div><\/div><div class=\"w-tabs-section\" id=\"1580044821697-0a95bc45-c785\"><button aria-controls=\"content-1580044821697-0a95bc45-c785\" class=\"w-tabs-section-header with_icon\"><i class=\"far fa-question-circle\"><\/i><div class=\"w-tabs-section-title\">Wie sind unsere Gesch\u00e4ftszeiten?<\/div><div class=\"w-tabs-section-control\"><\/div><\/button><div  class=\"w-tabs-section-content\" id=\"content-1580044821697-0a95bc45-c785\" aria-expanded=\"false\"><div class=\"w-tabs-section-content-h i-cf\"><div class=\"wpb_text_column\"><div class=\"wpb_wrapper\"><p>Unsere Gesch\u00e4ftszeiten sind Montag bis Freitag von <strong>07:00 bis 12:00 Uhr und 13:00 bis 17:00 Uhr<\/strong>, GMT +1.<\/p>\n<\/div><\/div><\/div><\/div><\/div><div class=\"w-tabs-section\" id=\"1580044821651-1c4bc033-9e72\"><button aria-controls=\"content-1580044821651-1c4bc033-9e72\" class=\"w-tabs-section-header with_icon\"><i class=\"far fa-question-circle\"><\/i><div class=\"w-tabs-section-title\">Wie lautet unsere R\u00fcckerstattungsrichtlinie?<\/div><div class=\"w-tabs-section-control\"><\/div><\/button><div  class=\"w-tabs-section-content\" id=\"content-1580044821651-1c4bc033-9e72\" aria-expanded=\"false\"><div class=\"w-tabs-section-content-h i-cf\"><div class=\"wpb_text_column\"><div class=\"wpb_wrapper\"><p>Die KX ORAIO GmbH gibt keine Geldr\u00fcckerstattung, da Kaffee ein verderbliches Produkt ist. Trotzdem k\u00f6nnen Sie <a href=\"https:\/\/www.kx-oraio.com\/de\/kontakt\/\">hier<\/a> mit uns Kontakt aufnehmen oder Ihr Anliegen direkt an uns schreiben:<\/p>\n<p>info@kx-oraio.com<\/p>\n<p>Falls Ihr Anliegen berechtigt ist, bieten wir einen Ersatz an.<\/p>\n<\/div><\/div><\/div><\/div><\/div><div class=\"w-tabs-section\" id=\"1580044821879-eb8dd8b5-9946\"><button aria-controls=\"content-1580044821879-eb8dd8b5-9946\" class=\"w-tabs-section-header with_icon\"><i class=\"far fa-question-circle\"><\/i><div class=\"w-tabs-section-title\">Was sind Versandbedingungen f\u00fcr Gesch\u00e4ftskunden?<\/div><div class=\"w-tabs-section-control\"><\/div><\/button><div  class=\"w-tabs-section-content\" id=\"content-1580044821879-eb8dd8b5-9946\" aria-expanded=\"false\"><div class=\"w-tabs-section-content-h i-cf\"><div class=\"wpb_text_column\"><div class=\"wpb_wrapper\"><p>Incoterm: EXW<\/p>\n<\/div><\/div><\/div><\/div><\/div><div class=\"w-tabs-section\" id=\"1580044821530-be3608b0-324b\"><button aria-controls=\"content-1580044821530-be3608b0-324b\" class=\"w-tabs-section-header with_icon\"><i class=\"far fa-question-circle\"><\/i><div class=\"w-tabs-section-title\">Was sind Ihre Versandoptionen, Zeiten und maximale Versandgewichte.<\/div><div class=\"w-tabs-section-control\"><\/div><\/button><div  class=\"w-tabs-section-content\" id=\"content-1580044821530-be3608b0-324b\" aria-expanded=\"false\"><div class=\"w-tabs-section-content-h i-cf\"><div class=\"g-cols wpb_row via_flex valign_top type_default\"><div class=\"vc_col-sm-12 wpb_column vc_column_container\"><div class=\"vc_column-inner\"><div class=\"wpb_wrapper\"><div class=\"wpb_text_column\"><div class=\"wpb_wrapper\"><p><strong><a href=\"https:\/\/www.post.ch\/en\/sending-parcels\/international-parcels\" target=\"_blank\" rel=\"noopener\">Hier<\/a><\/strong> k\u00f6nnen Sie Ihre Preise und Gewichte \u00fcberpr\u00fcfen.<\/p>\n<\/div><\/div><\/div><\/div><\/div><\/div><\/div><\/div><\/div><div class=\"w-tabs-section\" id=\"1593002126134-3d895868-b193\"><button aria-controls=\"content-1593002126134-3d895868-b193\" class=\"w-tabs-section-header with_icon\"><i class=\"far fa-question-circle\"><\/i><div class=\"w-tabs-section-title\">Ihre Versandkosten sind ziemlich hoch. Bieten Sie eine andere L\u00f6sung an?<\/div><div class=\"w-tabs-section-control\"><\/div><\/button><div  class=\"w-tabs-section-content\" id=\"content-1593002126134-3d895868-b193\" aria-expanded=\"false\"><div class=\"w-tabs-section-content-h i-cf\"><div class=\"wpb_text_column\"><div class=\"wpb_wrapper\"><p>Wir bieten <strong>Gruppenbestellungen<\/strong> an.<br \/>\nWenn Sie eine Gruppe von Personen aus demselben Ort sind, k\u00f6nnen Sie uns \u00fcber die <strong><a href=\"https:\/\/www.kx-oraio.com\/de\/kontakt\/\">Kontaktseite<\/a><\/strong> schreiben. Die Versandkosten pro Artikel werden geringer sein, da sie von mehr Personen geteilt werden.<\/p>\n<\/div><\/div><\/div><\/div><\/div><\/div><\/div><div class=\"w-separator size_large\"><\/div><div class=\"wpb_text_column\"><div class=\"wpb_wrapper\"><h3 style=\"text-align: center;\">Haben Sie Ihre eigene Frage? Hier sind einige Optionen<\/h3>\n<\/div><\/div><div class=\"w-separator size_medium\"><\/div><div class=\"g-cols wpb_row via_flex valign_top type_default\"><div class=\"vc_col-sm-6 wpb_column vc_column_container\"><div class=\"vc_column-inner\"><div class=\"wpb_wrapper\"><div class=\"w-iconbox iconpos_top style_circle color_primary align_center\"><div class=\"w-iconbox-icon\" style=\"font-size:2rem;\"><i class=\"far fa-bullhorn\"><\/i><\/div><div class=\"w-iconbox-meta\"><h4 class=\"w-iconbox-title\">Contact Support<\/h4><div class=\"w-iconbox-text\"><p>Sie k\u00f6nnen uns \u00fcber die <a href=\"https:\/\/www.kx-oraio.com\/de\/kontakt\/\">Kontaktseite<\/a> kontaktieren oder uns direkt eine E-Mail an info@kx-oraio.com schreiben.<\/p>\n<\/div><\/div><\/div><\/div><\/div><\/div><div class=\"vc_col-sm-6 wpb_column vc_column_container\"><div class=\"vc_column-inner\"><div class=\"wpb_wrapper\"><\/div><\/div><\/div><\/div><div class=\"w-separator size_medium\"><\/div><div class=\"g-cols wpb_row via_flex valign_top type_default\"><div class=\"vc_col-sm-6 wpb_column vc_column_container\"><div class=\"vc_column-inner\"><div class=\"wpb_wrapper\"><\/div><\/div><\/div><div class=\"vc_col-sm-6 wpb_column vc_column_container\"><div class=\"vc_column-inner\"><div class=\"wpb_wrapper\"><\/div><\/div><\/div><\/div><\/div><\/div><\/div><div class=\"vc_col-sm-3 wpb_column vc_column_container\"><div class=\"vc_column-inner type_sticky\"><div class=\"wpb_wrapper\" style=\"top:\">[vc_wp_search title=&#8220;Etwas N\u00fctzliches finden&#8220;]<div class=\"w-separator size_medium\"><\/div><div class=\"wpb_text_column\"><div class=\"wpb_wrapper\"><h4>Noch eine Frage?<\/h4>\n<p>Ist Ihre Frage nicht in unseren FAQs enthalten? Z\u00f6gern Sie nicht, uns zu kontaktieren.<\/p>\n<\/div><\/div><div class=\"w-separator size_small\"><\/div><div class=\"w-btn-wrapper align_none\"><a class=\"w-btn us-btn-style_1\" title=\"Kontakt\" href=\"https:\/\/www.kx-oraio.com\/de\/kontakt\/\"><span class=\"w-btn-label\">Kontakt<\/span><\/a><\/div><div class=\"w-separator size_small\"><\/div><div class=\"wpb_text_column\"><div class=\"wpb_wrapper\"><h4>Abonnieren Sie unseren Newsletter<\/h4>\n<\/div><\/div><div class=\"wpb_text_column\"><div class=\"wpb_wrapper\"><script>(function() {\n\twindow.mc4wp = window.mc4wp || {\n\t\tlisteners: [],\n\t\tforms: {\n\t\t\ton: function(evt, cb) {\n\t\t\t\twindow.mc4wp.listeners.push(\n\t\t\t\t\t{\n\t\t\t\t\t\tevent   : evt,\n\t\t\t\t\t\tcallback: cb\n\t\t\t\t\t}\n\t\t\t\t);\n\t\t\t}\n\t\t}\n\t}\n})();\n<\/script><!-- Mailchimp for WordPress v4.12.2 - https:\/\/wordpress.org\/plugins\/mailchimp-for-wp\/ --><form id=\"mc4wp-form-1\" class=\"mc4wp-form mc4wp-form-9278\" method=\"post\" data-id=\"9278\" data-name=\"Melden Sie sich f\u00fcr unseren Newsletter an.\" ><div class=\"mc4wp-form-fields\"><p>\n\t<label>E-Mail-Adresse: \n\t\t<input type=\"email\" name=\"EMAIL\" placeholder=\"Ihre E-Mail-Adresse\" required=\"\">\n<\/label>\n<\/p>\n<p>\n    <label>\n        <input name=\"AGREE_TO_TERMS\" type=\"checkbox\" value=\"1\" required=\"\"> <a href=\"\/?page_id=7122\" target=\"_blank\" rel=\"noopener noreferrer\">Ich habe die Allgemeinen Gesch\u00e4ftsbedingungen gelesen und stimme ihnen zu.<\/a>\n    <\/label>\n<\/p>\n\n<p>\n\t<input type=\"submit\" value=\"Sign up\">\n<\/p><\/div><label style=\"display: none !important;\">Wenn du ein Mensch bist, lasse das Feld leer: <input type=\"text\" name=\"_mc4wp_honeypot\" value=\"\" tabindex=\"-1\" autocomplete=\"off\" \/><\/label><input type=\"hidden\" name=\"_mc4wp_timestamp\" value=\"1777123589\" \/><input type=\"hidden\" name=\"_mc4wp_form_id\" value=\"9278\" \/><input type=\"hidden\" name=\"_mc4wp_form_element_id\" value=\"mc4wp-form-1\" \/><div class=\"mc4wp-response\"><\/div><\/form><!-- \/ Mailchimp for WordPress Plugin -->\n<\/div><\/div><\/div><\/div><\/div><\/div><\/div><\/section>\n","protected":false},"excerpt":{"rendered":"Welche Kaffeebohnen verwenden wir? Costa Rica hb Salvador shg Brasil Santos NY2 17\/18 Guaxupe Dulce Guatemala Ind. Cherry A screen 17 Malabar AA monsooned Indian Parchment AB Was unterscheidet unseren Kaffee von anderen?Wir verwenden eine einzigartige R\u00f6stmethode. Eine Eisengusskugel \u00fcber offenem Feuer. Die niedrigere Temperatur und die l\u00e4ngere R\u00f6stzeit reduzieren Acrylamid, verbessern das Aroma und...","protected":false},"author":1,"featured_media":0,"parent":0,"menu_order":0,"comment_status":"closed","ping_status":"closed","template":"","meta":[],"amp_enabled":true,"_links":{"self":[{"href":"https:\/\/www.kx-oraio.com\/de\/wp-json\/wp\/v2\/pages\/8395"}],"collection":[{"href":"https:\/\/www.kx-oraio.com\/de\/wp-json\/wp\/v2\/pages"}],"about":[{"href":"https:\/\/www.kx-oraio.com\/de\/wp-json\/wp\/v2\/types\/page"}],"author":[{"embeddable":true,"href":"https:\/\/www.kx-oraio.com\/de\/wp-json\/wp\/v2\/users\/1"}],"replies":[{"embeddable":true,"href":"https:\/\/www.kx-oraio.com\/de\/wp-json\/wp\/v2\/comments?post=8395"}],"version-history":[{"count":11,"href":"https:\/\/www.kx-oraio.com\/de\/wp-json\/wp\/v2\/pages\/8395\/revisions"}],"predecessor-version":[{"id":9781,"href":"https:\/\/www.kx-oraio.com\/de\/wp-json\/wp\/v2\/pages\/8395\/revisions\/9781"}],"wp:attachment":[{"href":"https:\/\/www.kx-oraio.com\/de\/wp-json\/wp\/v2\/media?parent=8395"}],"curies":[{"name":"wp","href":"https:\/\/api.w.org\/{rel}","templated":true}]}}