{"id":8927,"date":"2020-04-07T21:24:48","date_gmt":"2020-04-07T19:24:48","guid":{"rendered":"https:\/\/www.kx-oraio.com\/costa-rica-hb\/"},"modified":"2020-06-15T19:51:59","modified_gmt":"2020-06-15T17:51:59","slug":"costa-rica-hb","status":"publish","type":"page","link":"https:\/\/www.kx-oraio.com\/de\/kaffeewissen\/costa-rica-hb\/","title":{"rendered":"Costa Rica HB"},"content":{"rendered":"<section class=\"l-section wpb_row height_medium\"><div class=\"l-section-h i-cf\"><div class=\"g-cols vc_row via_flex valign_top type_default\"><div class=\"vc_col-sm-12 wpb_column vc_column_container\"><div class=\"vc_column-inner\"><div class=\"wpb_wrapper\"><div class=\"wpb_text_column\"><div class=\"wpb_wrapper\"><h2>Costa Rica HB: Reiner Arabica aus der Kaffeeregion Brunca<\/h2>\n<\/div><\/div><\/div><\/div><\/div><\/div><\/div><\/section><section class=\"l-section wpb_row height_medium\"><div class=\"l-section-h i-cf\"><div class=\"g-cols vc_row via_flex valign_top type_default\"><div class=\"vc_col-sm-6 wpb_column vc_column_container\"><div class=\"vc_column-inner\"><div class=\"wpb_wrapper\"><div class=\"wpb_text_column\"><div class=\"wpb_wrapper\"><p>Costa Rica wurde von der Natur mit traumhaften Bedingungen f\u00fcr den Kaffeeanbau ausgestattet. Das schmale tropische Land zwischen Atlantik und Pazifik in Mittelamerika ist feuchten Meereswinden gleich von zwei Seiten zug\u00e4nglich. Gebirgsz\u00fcge vulkanischen Ursprungs schaffen die n\u00f6tigen H\u00f6henlagen.<\/p>\n<p>Sie stellen zugleich die notwendigen N\u00e4hrstoffe f\u00fcr die Kultivierung der Kaffeepflanzen bereit. Als Zentrum des Anbaus gilt die Brunca Coffee Region im S\u00fcdwesten des Landes. Von hier stammt auch der hochwertige Costa Rica HB. Er besteht ausschlie\u00dflich aus Arabica und setzt sich aus erlesem Marsellesa, Caturra, Bourbon und Venecia zusammen.<\/p>\n<\/div><\/div><\/div><\/div><\/div><div class=\"vc_col-sm-6 wpb_column vc_column_container\"><div class=\"vc_column-inner\"><div class=\"wpb_wrapper\"><div class=\"w-image align_none\"><div class=\"w-image-h\"><img width=\"1024\" height=\"1024\" data-src=\"https:\/\/www.kx-oraio.com\/wp-content\/uploads\/2020\/04\/Costa-Rica-map-1024x1024.jpg\" class=\"attachment-large size-large lazyload\" alt=\"Costa Rica Landkarte\" loading=\"lazy\" data-srcset=\"https:\/\/www.kx-oraio.com\/wp-content\/uploads\/2020\/04\/Costa-Rica-map-1024x1024.jpg 1024w, https:\/\/www.kx-oraio.com\/wp-content\/uploads\/2020\/04\/Costa-Rica-map-300x300.jpg 300w, https:\/\/www.kx-oraio.com\/wp-content\/uploads\/2020\/04\/Costa-Rica-map-150x150.jpg 150w, https:\/\/www.kx-oraio.com\/wp-content\/uploads\/2020\/04\/Costa-Rica-map-600x600.jpg 600w, https:\/\/www.kx-oraio.com\/wp-content\/uploads\/2020\/04\/Costa-Rica-map.jpg 1200w\" data-sizes=\"(max-width: 1024px) 100vw, 1024px\" title=\"\" src=\"data:image\/gif;base64,R0lGODlhAQABAAAAACH5BAEKAAEALAAAAAABAAEAAAICTAEAOw==\" style=\"--smush-placeholder-width: 1024px; --smush-placeholder-aspect-ratio: 1024\/1024;\"><noscript><img width=\"1024\" height=\"1024\" src=\"https:\/\/www.kx-oraio.com\/wp-content\/uploads\/2020\/04\/Costa-Rica-map-1024x1024.jpg\" class=\"attachment-large size-large\" alt=\"Costa Rica Landkarte\" loading=\"lazy\" srcset=\"https:\/\/www.kx-oraio.com\/wp-content\/uploads\/2020\/04\/Costa-Rica-map-1024x1024.jpg 1024w, https:\/\/www.kx-oraio.com\/wp-content\/uploads\/2020\/04\/Costa-Rica-map-300x300.jpg 300w, https:\/\/www.kx-oraio.com\/wp-content\/uploads\/2020\/04\/Costa-Rica-map-150x150.jpg 150w, https:\/\/www.kx-oraio.com\/wp-content\/uploads\/2020\/04\/Costa-Rica-map-600x600.jpg 600w, https:\/\/www.kx-oraio.com\/wp-content\/uploads\/2020\/04\/Costa-Rica-map.jpg 1200w\" sizes=\"(max-width: 1024px) 100vw, 1024px\" title=\"\"><\/noscript><\/div><\/div><\/div><\/div><\/div><\/div><\/div><\/section><section class=\"l-section wpb_row height_medium\"><div class=\"l-section-h i-cf\"><div class=\"g-cols vc_row via_flex valign_top type_default\"><div class=\"vc_col-sm-12 wpb_column vc_column_container\"><div class=\"vc_column-inner\"><div class=\"wpb_wrapper\"><div class=\"wpb_text_column\"><div class=\"wpb_wrapper\"><h2>Nur Arabica in Costa Rica<\/h2>\n<p>Dass in Costa Rica ausschlie\u00dflich Arabica als Kaffee kultiviert wird, hat historische und mittlerweile sogar gesetzliche Gr\u00fcnde. Die urspr\u00fcnglich in \u00c4thiopien heimischen Pflanzen gelangten im Jahr 1779 \u00fcber Saudi Arabien nach Costa Rica. Sie legten den Grundstein f\u00fcr eine bl\u00fchende Kultur des Anbaus und der Verarbeitung der fruchtigen, milden und s\u00e4urearmen Kaffees. Heute wird diese Kultur \u00fcberwiegend von kleinen und mittleren Bauern getragen. Seit dem Jahr 1989 ist es in Costa Rica sogar verboten, neben Arabica noch andere Kaffees zu kultivieren &#8211; eine weltweit einmalige gesetzliche Vorgabe.<\/p>\n<\/div><\/div><\/div><\/div><\/div><\/div><\/div><\/section><section class=\"l-section wpb_row height_medium\"><div class=\"l-section-h i-cf\"><div class=\"g-cols vc_row via_flex valign_top type_default\"><div class=\"vc_col-sm-12 wpb_column vc_column_container\"><div class=\"vc_column-inner\"><div class=\"wpb_wrapper\"><div class=\"wpb_text_column\"><div class=\"wpb_wrapper\"><h2>Gewaschener Kaffee aus Anbauh\u00f6hen \u00fcber 1.100 Meter<\/h2>\n<p>Das &#8222;HB&#8220; in Costa Rica HB steht f\u00fcr &#8222;Hard Bean&#8220;. DIe Kaffeebohnen sind tats\u00e4chlich \u00fcberdurchschnittlich hart. Das erkl\u00e4rt sich durch die zul\u00e4ssige Mindesth\u00f6he der Anbaugebiete. Costa Rica HB wird nur in H\u00f6henlagen von 1.100 m bis 1.650 m \u00fcber dem Meeresspiegel kultiviert. Hier dauert der Reifungsprozess der Kaffeekirschen l\u00e4nger als in tieferen Lagen.<\/p>\n<p>H\u00e4rtere, kleinere und aromatischere Fr\u00fcchte sind die willkommene Folge. Die Kaffeekirschen werden nach der Ernte gewaschen und f\u00fcr acht bis 15 Stunden fermentiert. Anschlie\u00dfend sorgt ein s<a href=\"https:\/\/www.kx-oraio.com\/de\/kaffeeroesten\/\">chonendes manuelles R\u00f6stverfahren in der Schweiz<\/a> f\u00fcr eine optimale Entfaltung des nat\u00fcrlichen Aromapotentials.<\/p>\n<\/div><\/div><\/div><\/div><\/div><\/div><\/div><\/section><section class=\"l-section wpb_row height_medium\"><div class=\"l-section-h i-cf\"><div class=\"g-cols vc_row via_flex valign_top type_default\"><div class=\"vc_col-sm-4 wpb_column vc_column_container\"><div class=\"vc_column-inner\"><div class=\"wpb_wrapper\"><div class=\"w-image align_none\"><div class=\"w-image-h\"><img width=\"1024\" height=\"1024\" data-src=\"https:\/\/www.kx-oraio.com\/wp-content\/uploads\/2020\/04\/Coffee-plantation-Costa-Rica-HB-1024x1024.jpg\" class=\"attachment-large size-large lazyload\" alt=\"Kaffeeplantage Costa Rica HB\" loading=\"lazy\" data-srcset=\"https:\/\/www.kx-oraio.com\/wp-content\/uploads\/2020\/04\/Coffee-plantation-Costa-Rica-HB-1024x1024.jpg 1024w, https:\/\/www.kx-oraio.com\/wp-content\/uploads\/2020\/04\/Coffee-plantation-Costa-Rica-HB-300x300.jpg 300w, https:\/\/www.kx-oraio.com\/wp-content\/uploads\/2020\/04\/Coffee-plantation-Costa-Rica-HB-150x150.jpg 150w, https:\/\/www.kx-oraio.com\/wp-content\/uploads\/2020\/04\/Coffee-plantation-Costa-Rica-HB-600x600.jpg 600w, https:\/\/www.kx-oraio.com\/wp-content\/uploads\/2020\/04\/Coffee-plantation-Costa-Rica-HB.jpg 1200w\" data-sizes=\"(max-width: 1024px) 100vw, 1024px\" title=\"\" src=\"data:image\/gif;base64,R0lGODlhAQABAAAAACH5BAEKAAEALAAAAAABAAEAAAICTAEAOw==\" style=\"--smush-placeholder-width: 1024px; --smush-placeholder-aspect-ratio: 1024\/1024;\"><noscript><img width=\"1024\" height=\"1024\" src=\"https:\/\/www.kx-oraio.com\/wp-content\/uploads\/2020\/04\/Coffee-plantation-Costa-Rica-HB-1024x1024.jpg\" class=\"attachment-large size-large\" alt=\"Kaffeeplantage Costa Rica HB\" loading=\"lazy\" srcset=\"https:\/\/www.kx-oraio.com\/wp-content\/uploads\/2020\/04\/Coffee-plantation-Costa-Rica-HB-1024x1024.jpg 1024w, https:\/\/www.kx-oraio.com\/wp-content\/uploads\/2020\/04\/Coffee-plantation-Costa-Rica-HB-300x300.jpg 300w, https:\/\/www.kx-oraio.com\/wp-content\/uploads\/2020\/04\/Coffee-plantation-Costa-Rica-HB-150x150.jpg 150w, https:\/\/www.kx-oraio.com\/wp-content\/uploads\/2020\/04\/Coffee-plantation-Costa-Rica-HB-600x600.jpg 600w, https:\/\/www.kx-oraio.com\/wp-content\/uploads\/2020\/04\/Coffee-plantation-Costa-Rica-HB.jpg 1200w\" sizes=\"(max-width: 1024px) 100vw, 1024px\" title=\"\"><\/noscript><\/div><\/div><\/div><\/div><\/div><div class=\"vc_col-sm-4 wpb_column vc_column_container\"><div class=\"vc_column-inner\"><div class=\"wpb_wrapper\"><div class=\"w-image align_none\"><div class=\"w-image-h\"><img width=\"1024\" height=\"1024\" data-src=\"https:\/\/www.kx-oraio.com\/wp-content\/uploads\/2020\/04\/Costa-Rica-HB-coffee-harvest-1024x1024.jpg\" class=\"attachment-large size-large lazyload\" alt=\"Costa Rica HB Kaffeeernte\" loading=\"lazy\" data-srcset=\"https:\/\/www.kx-oraio.com\/wp-content\/uploads\/2020\/04\/Costa-Rica-HB-coffee-harvest-1024x1024.jpg 1024w, https:\/\/www.kx-oraio.com\/wp-content\/uploads\/2020\/04\/Costa-Rica-HB-coffee-harvest-300x300.jpg 300w, https:\/\/www.kx-oraio.com\/wp-content\/uploads\/2020\/04\/Costa-Rica-HB-coffee-harvest-150x150.jpg 150w, https:\/\/www.kx-oraio.com\/wp-content\/uploads\/2020\/04\/Costa-Rica-HB-coffee-harvest-600x600.jpg 600w, https:\/\/www.kx-oraio.com\/wp-content\/uploads\/2020\/04\/Costa-Rica-HB-coffee-harvest.jpg 1200w\" data-sizes=\"(max-width: 1024px) 100vw, 1024px\" title=\"\" src=\"data:image\/gif;base64,R0lGODlhAQABAAAAACH5BAEKAAEALAAAAAABAAEAAAICTAEAOw==\" style=\"--smush-placeholder-width: 1024px; --smush-placeholder-aspect-ratio: 1024\/1024;\"><noscript><img width=\"1024\" height=\"1024\" src=\"https:\/\/www.kx-oraio.com\/wp-content\/uploads\/2020\/04\/Costa-Rica-HB-coffee-harvest-1024x1024.jpg\" class=\"attachment-large size-large\" alt=\"Costa Rica HB Kaffeeernte\" loading=\"lazy\" srcset=\"https:\/\/www.kx-oraio.com\/wp-content\/uploads\/2020\/04\/Costa-Rica-HB-coffee-harvest-1024x1024.jpg 1024w, https:\/\/www.kx-oraio.com\/wp-content\/uploads\/2020\/04\/Costa-Rica-HB-coffee-harvest-300x300.jpg 300w, https:\/\/www.kx-oraio.com\/wp-content\/uploads\/2020\/04\/Costa-Rica-HB-coffee-harvest-150x150.jpg 150w, https:\/\/www.kx-oraio.com\/wp-content\/uploads\/2020\/04\/Costa-Rica-HB-coffee-harvest-600x600.jpg 600w, https:\/\/www.kx-oraio.com\/wp-content\/uploads\/2020\/04\/Costa-Rica-HB-coffee-harvest.jpg 1200w\" sizes=\"(max-width: 1024px) 100vw, 1024px\" title=\"\"><\/noscript><\/div><\/div><\/div><\/div><\/div><div class=\"vc_col-sm-4 wpb_column vc_column_container\"><div class=\"vc_column-inner\"><div class=\"wpb_wrapper\"><div class=\"w-image align_none\"><div class=\"w-image-h\"><img width=\"1024\" height=\"1024\" data-src=\"https:\/\/www.kx-oraio.com\/wp-content\/uploads\/2020\/04\/Costa-Rica-coffee-harvest-worker-1024x1024.jpg\" class=\"attachment-large size-large lazyload\" alt=\"Costa Rica Kaffeeernte Arbeiter\" loading=\"lazy\" data-srcset=\"https:\/\/www.kx-oraio.com\/wp-content\/uploads\/2020\/04\/Costa-Rica-coffee-harvest-worker-1024x1024.jpg 1024w, https:\/\/www.kx-oraio.com\/wp-content\/uploads\/2020\/04\/Costa-Rica-coffee-harvest-worker-300x300.jpg 300w, https:\/\/www.kx-oraio.com\/wp-content\/uploads\/2020\/04\/Costa-Rica-coffee-harvest-worker-150x150.jpg 150w, https:\/\/www.kx-oraio.com\/wp-content\/uploads\/2020\/04\/Costa-Rica-coffee-harvest-worker-600x600.jpg 600w, https:\/\/www.kx-oraio.com\/wp-content\/uploads\/2020\/04\/Costa-Rica-coffee-harvest-worker.jpg 1200w\" data-sizes=\"(max-width: 1024px) 100vw, 1024px\" title=\"\" src=\"data:image\/gif;base64,R0lGODlhAQABAAAAACH5BAEKAAEALAAAAAABAAEAAAICTAEAOw==\" style=\"--smush-placeholder-width: 1024px; --smush-placeholder-aspect-ratio: 1024\/1024;\"><noscript><img width=\"1024\" height=\"1024\" src=\"https:\/\/www.kx-oraio.com\/wp-content\/uploads\/2020\/04\/Costa-Rica-coffee-harvest-worker-1024x1024.jpg\" class=\"attachment-large size-large\" alt=\"Costa Rica Kaffeeernte Arbeiter\" loading=\"lazy\" srcset=\"https:\/\/www.kx-oraio.com\/wp-content\/uploads\/2020\/04\/Costa-Rica-coffee-harvest-worker-1024x1024.jpg 1024w, https:\/\/www.kx-oraio.com\/wp-content\/uploads\/2020\/04\/Costa-Rica-coffee-harvest-worker-300x300.jpg 300w, https:\/\/www.kx-oraio.com\/wp-content\/uploads\/2020\/04\/Costa-Rica-coffee-harvest-worker-150x150.jpg 150w, https:\/\/www.kx-oraio.com\/wp-content\/uploads\/2020\/04\/Costa-Rica-coffee-harvest-worker-600x600.jpg 600w, https:\/\/www.kx-oraio.com\/wp-content\/uploads\/2020\/04\/Costa-Rica-coffee-harvest-worker.jpg 1200w\" sizes=\"(max-width: 1024px) 100vw, 1024px\" title=\"\"><\/noscript><\/div><\/div><\/div><\/div><\/div><\/div><\/div><\/section><section class=\"l-section wpb_row height_medium\"><div class=\"l-section-h i-cf\"><div class=\"g-cols vc_row via_flex valign_top type_default\"><div class=\"vc_col-sm-12 wpb_column vc_column_container\"><div class=\"vc_column-inner\"><div class=\"wpb_wrapper\"><div class=\"wpb_text_column\"><div class=\"wpb_wrapper\"><h2>Costa Rica HB im <a href=\"https:\/\/www.kx-oraio.com\/oraio-black\/\">ORAIO BLACK<\/a><\/h2>\n<p><a href=\"https:\/\/www.kx-oraio.com\/\">Wir empfehlen<\/a> Ihnen unseren tiefschwarzen <a href=\"https:\/\/www.kx-oraio.com\/oraio-black\/\">ORAIO BLACK<\/a>, um den anspielungsreichen Geschmack von Costa Rica HB selber zu erleben. Gemeinsam mit dem Arabica <a href=\"https:\/\/www.kx-oraio.com\/de\/santos-ny2-guaxupe-dulce\/\">Brasil Santos NY2 17\/18 Guaxupe Dulce<\/a> schafft er ein Tassenprofil von exquisiter Leichtigkeit und Milde. Freuen Sie sich auf einen Hochgenuss f\u00fcr alle Tageszeiten.<\/p>\n<\/div><\/div><\/div><\/div><\/div><\/div><\/div><\/section><section class=\"l-section wpb_row height_medium\"><div class=\"l-section-h i-cf\"><div class=\"g-cols vc_row via_flex valign_middle type_default\"><div class=\"vc_col-sm-6 wpb_column vc_column_container\"><div class=\"vc_column-inner\"><div class=\"wpb_wrapper\"><div class=\"w-image align_none\"><div class=\"w-image-h\"><img width=\"1024\" height=\"1024\" data-src=\"https:\/\/www.kx-oraio.com\/wp-content\/uploads\/2020\/01\/ORAIO-BLACK-250g.jpg\" class=\"attachment-large size-large lazyload\" alt=\"ORAIO BLACK\" loading=\"lazy\" data-srcset=\"https:\/\/www.kx-oraio.com\/wp-content\/uploads\/2020\/01\/ORAIO-BLACK-250g.jpg 1200w, https:\/\/www.kx-oraio.com\/wp-content\/uploads\/2020\/01\/ORAIO-BLACK-250g-300x300.jpg 300w, https:\/\/www.kx-oraio.com\/wp-content\/uploads\/2020\/01\/ORAIO-BLACK-250g-150x150.jpg 150w, https:\/\/www.kx-oraio.com\/wp-content\/uploads\/2020\/01\/ORAIO-BLACK-250g-600x600.jpg 600w\" data-sizes=\"(max-width: 1024px) 100vw, 1024px\" title=\"\" src=\"data:image\/gif;base64,R0lGODlhAQABAAAAACH5BAEKAAEALAAAAAABAAEAAAICTAEAOw==\" style=\"--smush-placeholder-width: 1024px; --smush-placeholder-aspect-ratio: 1024\/1024;\"><noscript><img width=\"1024\" height=\"1024\" src=\"https:\/\/www.kx-oraio.com\/wp-content\/uploads\/2020\/01\/ORAIO-BLACK-250g.jpg\" class=\"attachment-large size-large\" alt=\"ORAIO BLACK\" loading=\"lazy\" srcset=\"https:\/\/www.kx-oraio.com\/wp-content\/uploads\/2020\/01\/ORAIO-BLACK-250g.jpg 1200w, https:\/\/www.kx-oraio.com\/wp-content\/uploads\/2020\/01\/ORAIO-BLACK-250g-300x300.jpg 300w, https:\/\/www.kx-oraio.com\/wp-content\/uploads\/2020\/01\/ORAIO-BLACK-250g-150x150.jpg 150w, https:\/\/www.kx-oraio.com\/wp-content\/uploads\/2020\/01\/ORAIO-BLACK-250g-600x600.jpg 600w\" sizes=\"(max-width: 1024px) 100vw, 1024px\" title=\"\"><\/noscript><\/div><\/div><\/div><\/div><\/div><div class=\"vc_col-sm-6 wpb_column vc_column_container\"><div class=\"vc_column-inner\"><div class=\"wpb_wrapper\"><div class=\"w-btn-wrapper align_none\"><a class=\"w-btn us-btn-style_1\" title=\"ORAIO BLACK\" href=\"https:\/\/www.kx-oraio.com\/oraio-black\/\"><span class=\"w-btn-label\">Probieren Sie jetzt das Aroma von ORAIO BLACK!<\/span><\/a><\/div><\/div><\/div><\/div><\/div><\/div><\/section>\n","protected":false},"excerpt":{"rendered":"Costa Rica HB: Reiner Arabica aus der Kaffeeregion Brunca Costa Rica wurde von der Natur mit traumhaften Bedingungen f\u00fcr den Kaffeeanbau ausgestattet. Das schmale tropische Land zwischen Atlantik und Pazifik in Mittelamerika ist feuchten Meereswinden gleich von zwei Seiten zug\u00e4nglich. Gebirgsz\u00fcge vulkanischen Ursprungs schaffen die n\u00f6tigen H\u00f6henlagen. Sie stellen zugleich die notwendigen N\u00e4hrstoffe f\u00fcr die...","protected":false},"author":1,"featured_media":8895,"parent":9719,"menu_order":0,"comment_status":"closed","ping_status":"closed","template":"","meta":[],"amp_enabled":true,"_links":{"self":[{"href":"https:\/\/www.kx-oraio.com\/de\/wp-json\/wp\/v2\/pages\/8927"}],"collection":[{"href":"https:\/\/www.kx-oraio.com\/de\/wp-json\/wp\/v2\/pages"}],"about":[{"href":"https:\/\/www.kx-oraio.com\/de\/wp-json\/wp\/v2\/types\/page"}],"author":[{"embeddable":true,"href":"https:\/\/www.kx-oraio.com\/de\/wp-json\/wp\/v2\/users\/1"}],"replies":[{"embeddable":true,"href":"https:\/\/www.kx-oraio.com\/de\/wp-json\/wp\/v2\/comments?post=8927"}],"version-history":[{"count":2,"href":"https:\/\/www.kx-oraio.com\/de\/wp-json\/wp\/v2\/pages\/8927\/revisions"}],"predecessor-version":[{"id":9723,"href":"https:\/\/www.kx-oraio.com\/de\/wp-json\/wp\/v2\/pages\/8927\/revisions\/9723"}],"up":[{"embeddable":true,"href":"https:\/\/www.kx-oraio.com\/de\/wp-json\/wp\/v2\/pages\/9719"}],"wp:featuredmedia":[{"embeddable":true,"href":"https:\/\/www.kx-oraio.com\/de\/wp-json\/wp\/v2\/media\/8895"}],"wp:attachment":[{"href":"https:\/\/www.kx-oraio.com\/de\/wp-json\/wp\/v2\/media?parent=8927"}],"curies":[{"name":"wp","href":"https:\/\/api.w.org\/{rel}","templated":true}]}}