{"id":8929,"date":"2020-04-07T21:31:59","date_gmt":"2020-04-07T19:31:59","guid":{"rendered":"https:\/\/www.kx-oraio.com\/santos-ny2-guaxupe-dulce\/"},"modified":"2020-07-01T21:26:11","modified_gmt":"2020-07-01T19:26:11","slug":"santos-ny2-guaxupe-dulce","status":"publish","type":"page","link":"https:\/\/www.kx-oraio.com\/de\/kaffeewissen\/santos-ny2-guaxupe-dulce\/","title":{"rendered":"Santos NY2 Guaxupe Dulce"},"content":{"rendered":"<section class=\"l-section wpb_row height_medium\"><div class=\"l-section-h i-cf\"><div class=\"g-cols vc_row via_flex valign_top type_default\"><div class=\"vc_col-sm-12 wpb_column vc_column_container\"><div class=\"vc_column-inner\"><div class=\"wpb_wrapper\"><div class=\"wpb_text_column\"><div class=\"wpb_wrapper\"><h2>Santos NY2 Guaxupe Dulce: Ein Arabica-Kaffee erster G\u00fcte<\/h2>\n<\/div><\/div><\/div><\/div><\/div><\/div><\/div><\/section><section class=\"l-section wpb_row height_medium\"><div class=\"l-section-h i-cf\"><div class=\"g-cols vc_row via_flex valign_top type_default\"><div class=\"vc_col-sm-6 wpb_column vc_column_container\"><div class=\"vc_column-inner\"><div class=\"wpb_wrapper\"><div class=\"wpb_text_column\"><div class=\"wpb_wrapper\"><p>Unter den brasilianischen Kaffeesorten hat der Santos NY2 Guaxupe Dulce einen besonders guten Ruf. Die aromatische Arabica-Sorte stammt aus Brasilien und \u00fcberzeugt besonders durch ihre angenehm schokoladig-nussigen Geschmacksnuancen. Santos NY2 Guaxupe Dulce ist <a href=\"https:\/\/www.kx-oraio.com\/\">Bestandteil unserer Kaffeesorten<\/a> <a href=\"https:\/\/www.kx-oraio.com\/oraio-black\/\">ORAIO BLACK<\/a>, <a href=\"https:\/\/www.kx-oraio.com\/oraio-gold\/\">ORAIO GOLD<\/a>, <a href=\"https:\/\/www.kx-oraio.com\/oraio-silver\/\">ORAIO SILVER<\/a> und <a href=\"https:\/\/www.kx-oraio.com\/de\/oraio-red-espresso-2\/\">ORAIO RED<\/a>.<\/p>\n<\/div><\/div><\/div><\/div><\/div><div class=\"vc_col-sm-6 wpb_column vc_column_container\"><div class=\"vc_column-inner\"><div class=\"wpb_wrapper\"><div class=\"w-image align_none\"><div class=\"w-image-h\"><img width=\"1024\" height=\"1024\" data-src=\"https:\/\/www.kx-oraio.com\/wp-content\/uploads\/2020\/04\/Brazil-Map-1-1024x1024.jpg\" class=\"attachment-large size-large lazyload\" alt=\"Brasilien Landkarte\" loading=\"lazy\" data-srcset=\"https:\/\/www.kx-oraio.com\/wp-content\/uploads\/2020\/04\/Brazil-Map-1-1024x1024.jpg 1024w, https:\/\/www.kx-oraio.com\/wp-content\/uploads\/2020\/04\/Brazil-Map-1-300x300.jpg 300w, https:\/\/www.kx-oraio.com\/wp-content\/uploads\/2020\/04\/Brazil-Map-1-150x150.jpg 150w, https:\/\/www.kx-oraio.com\/wp-content\/uploads\/2020\/04\/Brazil-Map-1-600x600.jpg 600w, https:\/\/www.kx-oraio.com\/wp-content\/uploads\/2020\/04\/Brazil-Map-1.jpg 1200w\" data-sizes=\"(max-width: 1024px) 100vw, 1024px\" title=\"\" src=\"data:image\/gif;base64,R0lGODlhAQABAAAAACH5BAEKAAEALAAAAAABAAEAAAICTAEAOw==\" style=\"--smush-placeholder-width: 1024px; --smush-placeholder-aspect-ratio: 1024\/1024;\"><noscript><img width=\"1024\" height=\"1024\" src=\"https:\/\/www.kx-oraio.com\/wp-content\/uploads\/2020\/04\/Brazil-Map-1-1024x1024.jpg\" class=\"attachment-large size-large\" alt=\"Brasilien Landkarte\" loading=\"lazy\" srcset=\"https:\/\/www.kx-oraio.com\/wp-content\/uploads\/2020\/04\/Brazil-Map-1-1024x1024.jpg 1024w, https:\/\/www.kx-oraio.com\/wp-content\/uploads\/2020\/04\/Brazil-Map-1-300x300.jpg 300w, https:\/\/www.kx-oraio.com\/wp-content\/uploads\/2020\/04\/Brazil-Map-1-150x150.jpg 150w, https:\/\/www.kx-oraio.com\/wp-content\/uploads\/2020\/04\/Brazil-Map-1-600x600.jpg 600w, https:\/\/www.kx-oraio.com\/wp-content\/uploads\/2020\/04\/Brazil-Map-1.jpg 1200w\" sizes=\"(max-width: 1024px) 100vw, 1024px\" title=\"\"><\/noscript><\/div><\/div><\/div><\/div><\/div><\/div><\/div><\/section><section class=\"l-section wpb_row height_medium\"><div class=\"l-section-h i-cf\"><div class=\"g-cols vc_row via_flex valign_top type_default\"><div class=\"vc_col-sm-12 wpb_column vc_column_container\"><div class=\"vc_column-inner\"><div class=\"wpb_wrapper\"><div class=\"wpb_text_column\"><div class=\"wpb_wrapper\"><h2>Santos NY2 Guaxupe Dulce: Braunes Gold aus Minas Gerais<\/h2>\n<p>Brasilien ist rund um den Globus ber\u00fchmt f\u00fcr seine vielf\u00e4ltigen Kaffeesorten und z\u00e4hlt zu den gr\u00f6\u00dften Kaffee-Exporteuren der Welt. Einer der vier gr\u00f6\u00dften brasilianischen H\u00e4ndler, Guaxupe, zeichnet verantwortlich f\u00fcr den Santos NY2 Guaxupe Dulce, einen sonnengetrockneten Arabica-Kaffee, dessen reichhaltiges Aroma ihn zu einem Geheimtipp f\u00fcr Kenner und Kaffee-Liebhaber macht. In Minas Gerais und Sao Paulo im S\u00fcdosten Brasiliens werden durchschnittlich 80.000 S\u00e4cke dieser exquisiten Arabica-Sorte pro Jahr geerntet. Die Produktion des Santos NY2 Guaxupe Dulce unterliegt strengen Qualit\u00e4ts- und Nachhaltigkeitsstandards. &#8222;Dulce&#8220; &#8211; s\u00fcss &#8211; ist die Bohnensorte unter anderem durch die Sonnentrocknung, bei der die Pektinschicht von der Bohne absorbiert wird und so ein charakteristisches Aroma mit leichter S\u00fc\u00dfe bildet &#8211; eine Grundlage f\u00fcr den angenehm schokoladigen Geschmack der sp\u00e4ter ger\u00f6steten Bohne.<\/p>\n<p>Die Bohnen f\u00fcr den Santos NY2 Dulce werden auf H\u00f6hen zwischen 800 und 1000 Meter \u00fcber dem Meeresspiegel angebaut und zwischen Juni und September geerntet. Vier verschiedene Sorten werden in Brasilien kultiviert, die unter den Bezeichnungen Mundo Novo, Tuby, Ruby und Catua\u00ed vertrieben werden.<\/p>\n<\/div><\/div><\/div><\/div><\/div><\/div><\/div><\/section><section class=\"l-section wpb_row height_medium\"><div class=\"l-section-h i-cf\"><div class=\"g-cols vc_row via_flex valign_top type_default\"><div class=\"vc_col-sm-4 wpb_column vc_column_container\"><div class=\"vc_column-inner\"><div class=\"wpb_wrapper\"><div class=\"w-image align_none\"><div class=\"w-image-h\"><img width=\"1024\" height=\"1024\" data-src=\"https:\/\/www.kx-oraio.com\/wp-content\/uploads\/2020\/04\/Santos-NY2-Guaxupe-Dulce-sun-dried-1024x1024.jpg\" class=\"attachment-large size-large lazyload\" alt=\"Santos NY2 Guaxupe Dulce Sonnentrocknung\" loading=\"lazy\" data-srcset=\"https:\/\/www.kx-oraio.com\/wp-content\/uploads\/2020\/04\/Santos-NY2-Guaxupe-Dulce-sun-dried-1024x1024.jpg 1024w, https:\/\/www.kx-oraio.com\/wp-content\/uploads\/2020\/04\/Santos-NY2-Guaxupe-Dulce-sun-dried-300x300.jpg 300w, https:\/\/www.kx-oraio.com\/wp-content\/uploads\/2020\/04\/Santos-NY2-Guaxupe-Dulce-sun-dried-150x150.jpg 150w, https:\/\/www.kx-oraio.com\/wp-content\/uploads\/2020\/04\/Santos-NY2-Guaxupe-Dulce-sun-dried-600x600.jpg 600w, https:\/\/www.kx-oraio.com\/wp-content\/uploads\/2020\/04\/Santos-NY2-Guaxupe-Dulce-sun-dried.jpg 1200w\" data-sizes=\"(max-width: 1024px) 100vw, 1024px\" title=\"\" src=\"data:image\/gif;base64,R0lGODlhAQABAAAAACH5BAEKAAEALAAAAAABAAEAAAICTAEAOw==\" style=\"--smush-placeholder-width: 1024px; --smush-placeholder-aspect-ratio: 1024\/1024;\"><noscript><img width=\"1024\" height=\"1024\" src=\"https:\/\/www.kx-oraio.com\/wp-content\/uploads\/2020\/04\/Santos-NY2-Guaxupe-Dulce-sun-dried-1024x1024.jpg\" class=\"attachment-large size-large\" alt=\"Santos NY2 Guaxupe Dulce Sonnentrocknung\" loading=\"lazy\" srcset=\"https:\/\/www.kx-oraio.com\/wp-content\/uploads\/2020\/04\/Santos-NY2-Guaxupe-Dulce-sun-dried-1024x1024.jpg 1024w, https:\/\/www.kx-oraio.com\/wp-content\/uploads\/2020\/04\/Santos-NY2-Guaxupe-Dulce-sun-dried-300x300.jpg 300w, https:\/\/www.kx-oraio.com\/wp-content\/uploads\/2020\/04\/Santos-NY2-Guaxupe-Dulce-sun-dried-150x150.jpg 150w, https:\/\/www.kx-oraio.com\/wp-content\/uploads\/2020\/04\/Santos-NY2-Guaxupe-Dulce-sun-dried-600x600.jpg 600w, https:\/\/www.kx-oraio.com\/wp-content\/uploads\/2020\/04\/Santos-NY2-Guaxupe-Dulce-sun-dried.jpg 1200w\" sizes=\"(max-width: 1024px) 100vw, 1024px\" title=\"\"><\/noscript><\/div><\/div><\/div><\/div><\/div><div class=\"vc_col-sm-4 wpb_column vc_column_container\"><div class=\"vc_column-inner\"><div class=\"wpb_wrapper\"><div class=\"w-image align_none\"><div class=\"w-image-h\"><img width=\"1024\" height=\"1024\" data-src=\"https:\/\/www.kx-oraio.com\/wp-content\/uploads\/2020\/04\/Minas-Gerais-coffee-plantation-1024x1024.jpeg\" class=\"attachment-large size-large lazyload\" alt=\"Minas Gerais Kaffeeplantage\" loading=\"lazy\" data-srcset=\"https:\/\/www.kx-oraio.com\/wp-content\/uploads\/2020\/04\/Minas-Gerais-coffee-plantation-1024x1024.jpeg 1024w, https:\/\/www.kx-oraio.com\/wp-content\/uploads\/2020\/04\/Minas-Gerais-coffee-plantation-300x300.jpeg 300w, https:\/\/www.kx-oraio.com\/wp-content\/uploads\/2020\/04\/Minas-Gerais-coffee-plantation-150x150.jpeg 150w, https:\/\/www.kx-oraio.com\/wp-content\/uploads\/2020\/04\/Minas-Gerais-coffee-plantation-600x600.jpeg 600w, https:\/\/www.kx-oraio.com\/wp-content\/uploads\/2020\/04\/Minas-Gerais-coffee-plantation.jpeg 1200w\" data-sizes=\"(max-width: 1024px) 100vw, 1024px\" title=\"\" src=\"data:image\/gif;base64,R0lGODlhAQABAAAAACH5BAEKAAEALAAAAAABAAEAAAICTAEAOw==\" style=\"--smush-placeholder-width: 1024px; --smush-placeholder-aspect-ratio: 1024\/1024;\"><noscript><img width=\"1024\" height=\"1024\" src=\"https:\/\/www.kx-oraio.com\/wp-content\/uploads\/2020\/04\/Minas-Gerais-coffee-plantation-1024x1024.jpeg\" class=\"attachment-large size-large\" alt=\"Minas Gerais Kaffeeplantage\" loading=\"lazy\" srcset=\"https:\/\/www.kx-oraio.com\/wp-content\/uploads\/2020\/04\/Minas-Gerais-coffee-plantation-1024x1024.jpeg 1024w, https:\/\/www.kx-oraio.com\/wp-content\/uploads\/2020\/04\/Minas-Gerais-coffee-plantation-300x300.jpeg 300w, https:\/\/www.kx-oraio.com\/wp-content\/uploads\/2020\/04\/Minas-Gerais-coffee-plantation-150x150.jpeg 150w, https:\/\/www.kx-oraio.com\/wp-content\/uploads\/2020\/04\/Minas-Gerais-coffee-plantation-600x600.jpeg 600w, https:\/\/www.kx-oraio.com\/wp-content\/uploads\/2020\/04\/Minas-Gerais-coffee-plantation.jpeg 1200w\" sizes=\"(max-width: 1024px) 100vw, 1024px\" title=\"\"><\/noscript><\/div><\/div><\/div><\/div><\/div><div class=\"vc_col-sm-4 wpb_column vc_column_container\"><div class=\"vc_column-inner\"><div class=\"wpb_wrapper\"><div class=\"w-image align_none\"><div class=\"w-image-h\"><img width=\"1024\" height=\"1024\" data-src=\"https:\/\/www.kx-oraio.com\/wp-content\/uploads\/2020\/04\/coffee-bag-brazil-1024x1024.jpg\" class=\"attachment-large size-large lazyload\" alt=\"Santos NY2 Guaxupe Dulce Arabica Kaffee Brasilien\" loading=\"lazy\" data-srcset=\"https:\/\/www.kx-oraio.com\/wp-content\/uploads\/2020\/04\/coffee-bag-brazil-1024x1024.jpg 1024w, https:\/\/www.kx-oraio.com\/wp-content\/uploads\/2020\/04\/coffee-bag-brazil-300x300.jpg 300w, https:\/\/www.kx-oraio.com\/wp-content\/uploads\/2020\/04\/coffee-bag-brazil-150x150.jpg 150w, https:\/\/www.kx-oraio.com\/wp-content\/uploads\/2020\/04\/coffee-bag-brazil-600x600.jpg 600w, https:\/\/www.kx-oraio.com\/wp-content\/uploads\/2020\/04\/coffee-bag-brazil.jpg 1200w\" data-sizes=\"(max-width: 1024px) 100vw, 1024px\" title=\"\" src=\"data:image\/gif;base64,R0lGODlhAQABAAAAACH5BAEKAAEALAAAAAABAAEAAAICTAEAOw==\" style=\"--smush-placeholder-width: 1024px; --smush-placeholder-aspect-ratio: 1024\/1024;\"><noscript><img width=\"1024\" height=\"1024\" src=\"https:\/\/www.kx-oraio.com\/wp-content\/uploads\/2020\/04\/coffee-bag-brazil-1024x1024.jpg\" class=\"attachment-large size-large\" alt=\"Santos NY2 Guaxupe Dulce Arabica Kaffee Brasilien\" loading=\"lazy\" srcset=\"https:\/\/www.kx-oraio.com\/wp-content\/uploads\/2020\/04\/coffee-bag-brazil-1024x1024.jpg 1024w, https:\/\/www.kx-oraio.com\/wp-content\/uploads\/2020\/04\/coffee-bag-brazil-300x300.jpg 300w, https:\/\/www.kx-oraio.com\/wp-content\/uploads\/2020\/04\/coffee-bag-brazil-150x150.jpg 150w, https:\/\/www.kx-oraio.com\/wp-content\/uploads\/2020\/04\/coffee-bag-brazil-600x600.jpg 600w, https:\/\/www.kx-oraio.com\/wp-content\/uploads\/2020\/04\/coffee-bag-brazil.jpg 1200w\" sizes=\"(max-width: 1024px) 100vw, 1024px\" title=\"\"><\/noscript><\/div><\/div><\/div><\/div><\/div><\/div><\/div><\/section><section class=\"l-section wpb_row height_medium\"><div class=\"l-section-h i-cf\"><div class=\"g-cols vc_row via_flex valign_top type_default\"><div class=\"vc_col-sm-12 wpb_column vc_column_container\"><div class=\"vc_column-inner\"><div class=\"wpb_wrapper\"><div class=\"wpb_text_column\"><div class=\"wpb_wrapper\"><h2>Brasil Santos NY2 Guaxupe Dulce: Qualit\u00e4tsmerkmale<\/h2>\n<p>Bei der Auswahl der Bohnen wird auf hohe Qualit\u00e4t geachtet: So d\u00fcrfen NY2-Bohnenauslesen in einer Stichprobe von 300 Gramm zum Beispiel keine erstgradigen Defekte wie zerbrochene Bohnen enthalten und nicht mehr als neun zweitgradige Defekte aufweisen (etwa abgeplatzte Bohnen). Die Bohnengr\u00f6\u00dfe muss bei 17 bis 18\/64 Zoll liegen (&#8222;large&#8220;) &#8211; die Bohnengr\u00f6\u00dfe ist oft ein Mass f\u00fcr die Reifezeit der Bohnen, die wiederum Geschmack und Aroma beeinflusst. Und diese wiederum stellen das vorrangigste Qualit\u00e4tsmerkmal des Santos NY2 Guaxupe Dulce dar: seine typischen nussig-schokoladigen Nuancen, verbunden mit einem feinen, weichen Aroma und vergleichsweise geringem S\u00e4uregehalt &#8211; eine ausgezeichnete Grundlage f\u00fcr reich nuancierte, bek\u00f6mmliche Kaffeemischungen.<\/p>\n<\/div><\/div><\/div><\/div><\/div><\/div><\/div><\/section><section class=\"l-section wpb_row height_medium\"><div class=\"l-section-h i-cf\"><div class=\"g-cols vc_row via_flex valign_top type_default\"><div class=\"vc_col-sm-3 wpb_column vc_column_container\"><div class=\"vc_column-inner\"><div class=\"wpb_wrapper\"><div class=\"w-image align_none\"><div class=\"w-image-h\"><img width=\"1024\" height=\"1024\" data-src=\"https:\/\/www.kx-oraio.com\/wp-content\/uploads\/2020\/01\/ORAIO-RED-Espresso-250g.jpg\" class=\"attachment-large size-large lazyload\" alt=\"ORAIO RED Espresso\" loading=\"lazy\" data-srcset=\"https:\/\/www.kx-oraio.com\/wp-content\/uploads\/2020\/01\/ORAIO-RED-Espresso-250g.jpg 1200w, https:\/\/www.kx-oraio.com\/wp-content\/uploads\/2020\/01\/ORAIO-RED-Espresso-250g-300x300.jpg 300w, https:\/\/www.kx-oraio.com\/wp-content\/uploads\/2020\/01\/ORAIO-RED-Espresso-250g-150x150.jpg 150w, https:\/\/www.kx-oraio.com\/wp-content\/uploads\/2020\/01\/ORAIO-RED-Espresso-250g-600x600.jpg 600w\" data-sizes=\"(max-width: 1024px) 100vw, 1024px\" title=\"\" src=\"data:image\/gif;base64,R0lGODlhAQABAAAAACH5BAEKAAEALAAAAAABAAEAAAICTAEAOw==\" style=\"--smush-placeholder-width: 1024px; --smush-placeholder-aspect-ratio: 1024\/1024;\"><noscript><img width=\"1024\" height=\"1024\" src=\"https:\/\/www.kx-oraio.com\/wp-content\/uploads\/2020\/01\/ORAIO-RED-Espresso-250g.jpg\" class=\"attachment-large size-large\" alt=\"ORAIO RED Espresso\" loading=\"lazy\" srcset=\"https:\/\/www.kx-oraio.com\/wp-content\/uploads\/2020\/01\/ORAIO-RED-Espresso-250g.jpg 1200w, https:\/\/www.kx-oraio.com\/wp-content\/uploads\/2020\/01\/ORAIO-RED-Espresso-250g-300x300.jpg 300w, https:\/\/www.kx-oraio.com\/wp-content\/uploads\/2020\/01\/ORAIO-RED-Espresso-250g-150x150.jpg 150w, https:\/\/www.kx-oraio.com\/wp-content\/uploads\/2020\/01\/ORAIO-RED-Espresso-250g-600x600.jpg 600w\" sizes=\"(max-width: 1024px) 100vw, 1024px\" title=\"\"><\/noscript><\/div><\/div><div class=\"w-separator size_small\"><\/div><div class=\"w-btn-wrapper align_center\"><a class=\"w-btn us-btn-style_1\" title=\"ORAIO RED Espresso\" href=\"https:\/\/www.kx-oraio.com\/de\/oraio-red-espresso-2\/\"><span class=\"w-btn-label\">Probieren Sie ORAIO RED Espresso<\/span><\/a><\/div><\/div><\/div><\/div><div class=\"vc_col-sm-3 wpb_column vc_column_container\"><div class=\"vc_column-inner\"><div class=\"wpb_wrapper\"><div class=\"w-image align_none\"><div class=\"w-image-h\"><img width=\"1024\" height=\"1024\" data-src=\"https:\/\/www.kx-oraio.com\/wp-content\/uploads\/2020\/01\/ORAIO-GOLD-250g.jpg\" class=\"attachment-large size-large lazyload\" alt=\"ORAIO GOLD starker Kaffee\" loading=\"lazy\" data-srcset=\"https:\/\/www.kx-oraio.com\/wp-content\/uploads\/2020\/01\/ORAIO-GOLD-250g.jpg 1200w, https:\/\/www.kx-oraio.com\/wp-content\/uploads\/2020\/01\/ORAIO-GOLD-250g-300x300.jpg 300w, https:\/\/www.kx-oraio.com\/wp-content\/uploads\/2020\/01\/ORAIO-GOLD-250g-150x150.jpg 150w, https:\/\/www.kx-oraio.com\/wp-content\/uploads\/2020\/01\/ORAIO-GOLD-250g-600x600.jpg 600w\" data-sizes=\"(max-width: 1024px) 100vw, 1024px\" title=\"\" src=\"data:image\/gif;base64,R0lGODlhAQABAAAAACH5BAEKAAEALAAAAAABAAEAAAICTAEAOw==\" style=\"--smush-placeholder-width: 1024px; --smush-placeholder-aspect-ratio: 1024\/1024;\"><noscript><img width=\"1024\" height=\"1024\" src=\"https:\/\/www.kx-oraio.com\/wp-content\/uploads\/2020\/01\/ORAIO-GOLD-250g.jpg\" class=\"attachment-large size-large\" alt=\"ORAIO GOLD starker Kaffee\" loading=\"lazy\" srcset=\"https:\/\/www.kx-oraio.com\/wp-content\/uploads\/2020\/01\/ORAIO-GOLD-250g.jpg 1200w, https:\/\/www.kx-oraio.com\/wp-content\/uploads\/2020\/01\/ORAIO-GOLD-250g-300x300.jpg 300w, https:\/\/www.kx-oraio.com\/wp-content\/uploads\/2020\/01\/ORAIO-GOLD-250g-150x150.jpg 150w, https:\/\/www.kx-oraio.com\/wp-content\/uploads\/2020\/01\/ORAIO-GOLD-250g-600x600.jpg 600w\" sizes=\"(max-width: 1024px) 100vw, 1024px\" title=\"\"><\/noscript><\/div><\/div><div class=\"w-separator size_small\"><\/div><div class=\"w-btn-wrapper align_center\"><a class=\"w-btn us-btn-style_1\" title=\"ORAIO RED Espresso\" href=\"https:\/\/www.kx-oraio.com\/oraio-gold\/\"><span class=\"w-btn-label\">Enjoy ORAIO GOLD<\/span><\/a><\/div><\/div><\/div><\/div><div class=\"vc_col-sm-3 wpb_column vc_column_container\"><div class=\"vc_column-inner\"><div class=\"wpb_wrapper\"><div class=\"w-image align_none\"><div class=\"w-image-h\"><img width=\"1024\" height=\"1024\" data-src=\"https:\/\/www.kx-oraio.com\/wp-content\/uploads\/2020\/01\/ORAIO-BLACK-250g.jpg\" class=\"attachment-large size-large lazyload\" alt=\"ORAIO BLACK\" loading=\"lazy\" data-srcset=\"https:\/\/www.kx-oraio.com\/wp-content\/uploads\/2020\/01\/ORAIO-BLACK-250g.jpg 1200w, https:\/\/www.kx-oraio.com\/wp-content\/uploads\/2020\/01\/ORAIO-BLACK-250g-300x300.jpg 300w, https:\/\/www.kx-oraio.com\/wp-content\/uploads\/2020\/01\/ORAIO-BLACK-250g-150x150.jpg 150w, https:\/\/www.kx-oraio.com\/wp-content\/uploads\/2020\/01\/ORAIO-BLACK-250g-600x600.jpg 600w\" data-sizes=\"(max-width: 1024px) 100vw, 1024px\" title=\"\" src=\"data:image\/gif;base64,R0lGODlhAQABAAAAACH5BAEKAAEALAAAAAABAAEAAAICTAEAOw==\" style=\"--smush-placeholder-width: 1024px; --smush-placeholder-aspect-ratio: 1024\/1024;\"><noscript><img width=\"1024\" height=\"1024\" src=\"https:\/\/www.kx-oraio.com\/wp-content\/uploads\/2020\/01\/ORAIO-BLACK-250g.jpg\" class=\"attachment-large size-large\" alt=\"ORAIO BLACK\" loading=\"lazy\" srcset=\"https:\/\/www.kx-oraio.com\/wp-content\/uploads\/2020\/01\/ORAIO-BLACK-250g.jpg 1200w, https:\/\/www.kx-oraio.com\/wp-content\/uploads\/2020\/01\/ORAIO-BLACK-250g-300x300.jpg 300w, https:\/\/www.kx-oraio.com\/wp-content\/uploads\/2020\/01\/ORAIO-BLACK-250g-150x150.jpg 150w, https:\/\/www.kx-oraio.com\/wp-content\/uploads\/2020\/01\/ORAIO-BLACK-250g-600x600.jpg 600w\" sizes=\"(max-width: 1024px) 100vw, 1024px\" title=\"\"><\/noscript><\/div><\/div><div class=\"w-separator size_small\"><\/div><div class=\"w-btn-wrapper align_center\"><a class=\"w-btn us-btn-style_1\" title=\"ORAIO RED Espresso\" href=\"https:\/\/www.kx-oraio.com\/oraio-black\/\"><span class=\"w-btn-label\">Testen Sie das ORAIO BLACK Aroma<\/span><\/a><\/div><\/div><\/div><\/div><div class=\"vc_col-sm-3 wpb_column vc_column_container\"><div class=\"vc_column-inner\"><div class=\"wpb_wrapper\"><div class=\"w-image align_none\"><div class=\"w-image-h\"><img width=\"1024\" height=\"1024\" data-src=\"https:\/\/www.kx-oraio.com\/wp-content\/uploads\/2020\/01\/ORAIO-SILVER-250g.jpg\" class=\"attachment-large size-large lazyload\" alt=\"ORAIO SILVER feine guten Morgen Kaffee, feine Kaffee\" loading=\"lazy\" data-srcset=\"https:\/\/www.kx-oraio.com\/wp-content\/uploads\/2020\/01\/ORAIO-SILVER-250g.jpg 1200w, https:\/\/www.kx-oraio.com\/wp-content\/uploads\/2020\/01\/ORAIO-SILVER-250g-300x300.jpg 300w, https:\/\/www.kx-oraio.com\/wp-content\/uploads\/2020\/01\/ORAIO-SILVER-250g-150x150.jpg 150w, https:\/\/www.kx-oraio.com\/wp-content\/uploads\/2020\/01\/ORAIO-SILVER-250g-600x600.jpg 600w\" data-sizes=\"(max-width: 1024px) 100vw, 1024px\" title=\"\" src=\"data:image\/gif;base64,R0lGODlhAQABAAAAACH5BAEKAAEALAAAAAABAAEAAAICTAEAOw==\" style=\"--smush-placeholder-width: 1024px; --smush-placeholder-aspect-ratio: 1024\/1024;\"><noscript><img width=\"1024\" height=\"1024\" src=\"https:\/\/www.kx-oraio.com\/wp-content\/uploads\/2020\/01\/ORAIO-SILVER-250g.jpg\" class=\"attachment-large size-large\" alt=\"ORAIO SILVER feine guten Morgen Kaffee, feine Kaffee\" loading=\"lazy\" srcset=\"https:\/\/www.kx-oraio.com\/wp-content\/uploads\/2020\/01\/ORAIO-SILVER-250g.jpg 1200w, https:\/\/www.kx-oraio.com\/wp-content\/uploads\/2020\/01\/ORAIO-SILVER-250g-300x300.jpg 300w, https:\/\/www.kx-oraio.com\/wp-content\/uploads\/2020\/01\/ORAIO-SILVER-250g-150x150.jpg 150w, https:\/\/www.kx-oraio.com\/wp-content\/uploads\/2020\/01\/ORAIO-SILVER-250g-600x600.jpg 600w\" sizes=\"(max-width: 1024px) 100vw, 1024px\" title=\"\"><\/noscript><\/div><\/div><div class=\"w-separator size_small\"><\/div><div class=\"w-btn-wrapper align_center\"><a class=\"w-btn us-btn-style_1\" title=\"ORAIO RED Espresso\" href=\"https:\/\/www.kx-oraio.com\/oraio-silver\/\"><span class=\"w-btn-label\">ORAIO SILVER jetzt kaufen<\/span><\/a><\/div><\/div><\/div><\/div><\/div><\/div><\/section>\n","protected":false},"excerpt":{"rendered":"Santos NY2 Guaxupe Dulce: Ein Arabica-Kaffee erster G\u00fcte Unter den brasilianischen Kaffeesorten hat der Santos NY2 Guaxupe Dulce einen besonders guten Ruf. Die aromatische Arabica-Sorte stammt aus Brasilien und \u00fcberzeugt besonders durch ihre angenehm schokoladig-nussigen Geschmacksnuancen. Santos NY2 Guaxupe Dulce ist Bestandteil unserer Kaffeesorten ORAIO BLACK, ORAIO GOLD, ORAIO SILVER und ORAIO RED. Santos NY2...","protected":false},"author":1,"featured_media":8858,"parent":9719,"menu_order":0,"comment_status":"closed","ping_status":"closed","template":"","meta":[],"amp_enabled":true,"_links":{"self":[{"href":"https:\/\/www.kx-oraio.com\/de\/wp-json\/wp\/v2\/pages\/8929"}],"collection":[{"href":"https:\/\/www.kx-oraio.com\/de\/wp-json\/wp\/v2\/pages"}],"about":[{"href":"https:\/\/www.kx-oraio.com\/de\/wp-json\/wp\/v2\/types\/page"}],"author":[{"embeddable":true,"href":"https:\/\/www.kx-oraio.com\/de\/wp-json\/wp\/v2\/users\/1"}],"replies":[{"embeddable":true,"href":"https:\/\/www.kx-oraio.com\/de\/wp-json\/wp\/v2\/comments?post=8929"}],"version-history":[{"count":1,"href":"https:\/\/www.kx-oraio.com\/de\/wp-json\/wp\/v2\/pages\/8929\/revisions"}],"predecessor-version":[{"id":8930,"href":"https:\/\/www.kx-oraio.com\/de\/wp-json\/wp\/v2\/pages\/8929\/revisions\/8930"}],"up":[{"embeddable":true,"href":"https:\/\/www.kx-oraio.com\/de\/wp-json\/wp\/v2\/pages\/9719"}],"wp:featuredmedia":[{"embeddable":true,"href":"https:\/\/www.kx-oraio.com\/de\/wp-json\/wp\/v2\/media\/8858"}],"wp:attachment":[{"href":"https:\/\/www.kx-oraio.com\/de\/wp-json\/wp\/v2\/media?parent=8929"}],"curies":[{"name":"wp","href":"https:\/\/api.w.org\/{rel}","templated":true}]}}