{"id":8931,"date":"2020-04-07T21:52:37","date_gmt":"2020-04-07T19:52:37","guid":{"rendered":"https:\/\/www.kx-oraio.com\/salvador-shg\/"},"modified":"2020-06-24T17:55:14","modified_gmt":"2020-06-24T15:55:14","slug":"salvador-shg","status":"publish","type":"page","link":"https:\/\/www.kx-oraio.com\/de\/kaffeewissen\/salvador-shg\/","title":{"rendered":"Salvador SHG"},"content":{"rendered":"<section class=\"l-section wpb_row height_medium\"><div class=\"l-section-h i-cf\"><div class=\"g-cols vc_row via_flex valign_top type_default\"><div class=\"vc_col-sm-12 wpb_column vc_column_container\"><div class=\"vc_column-inner\"><div class=\"wpb_wrapper\"><div class=\"wpb_text_column\"><div class=\"wpb_wrapper\"><h2>Salvador SHG &#8211; erlesener Arabica Kaffee aus Zentralamerika<\/h2>\n<\/div><\/div><\/div><\/div><\/div><\/div><\/div><\/section><section class=\"l-section wpb_row height_medium\"><div class=\"l-section-h i-cf\"><div class=\"g-cols vc_row via_flex valign_top type_default\"><div class=\"vc_col-sm-6 wpb_column vc_column_container\"><div class=\"vc_column-inner\"><div class=\"wpb_wrapper\"><div class=\"wpb_text_column\"><div class=\"wpb_wrapper\"><p>Das zentralamerikanische El Salvador ist mit einer Fl\u00e4che von rund 21.000 km\u00b2 ein kleines Land. Im Anbau von hochwertigem Arabica Kaffee geh\u00f6rt es aber zu den Grossen. Das merken Sie besonders am Salvador SHG. Die Abk\u00fcrzung steht f\u00fcr &#8222;Strictly High Grown&#8220; und kennzeichnet einen Anbau in H\u00f6henlagen \u00fcber 1.380 Metern. Hier reifen die Kaffeekirschen langsamer und ergeben kleinere und h\u00e4rtere Bohnen mit vorz\u00fcglichen Geschmackseigenschaften. Salvador SHG wird sogar bis zu H\u00f6hen von 1.850 Metern kultiviert.<\/p>\n<\/div><\/div><\/div><\/div><\/div><div class=\"vc_col-sm-6 wpb_column vc_column_container\"><div class=\"vc_column-inner\"><div class=\"wpb_wrapper\"><div class=\"w-image align_none\"><div class=\"w-image-h\"><img width=\"1024\" height=\"1024\" data-src=\"https:\/\/www.kx-oraio.com\/wp-content\/uploads\/2020\/04\/map-el-salvador-1024x1024.jpg\" class=\"attachment-large size-large lazyload\" alt=\"El Salvador Landkarte\" loading=\"lazy\" data-srcset=\"https:\/\/www.kx-oraio.com\/wp-content\/uploads\/2020\/04\/map-el-salvador-1024x1024.jpg 1024w, https:\/\/www.kx-oraio.com\/wp-content\/uploads\/2020\/04\/map-el-salvador-300x300.jpg 300w, https:\/\/www.kx-oraio.com\/wp-content\/uploads\/2020\/04\/map-el-salvador-150x150.jpg 150w, https:\/\/www.kx-oraio.com\/wp-content\/uploads\/2020\/04\/map-el-salvador-600x600.jpg 600w, https:\/\/www.kx-oraio.com\/wp-content\/uploads\/2020\/04\/map-el-salvador.jpg 1200w\" data-sizes=\"(max-width: 1024px) 100vw, 1024px\" title=\"\" src=\"data:image\/gif;base64,R0lGODlhAQABAAAAACH5BAEKAAEALAAAAAABAAEAAAICTAEAOw==\" style=\"--smush-placeholder-width: 1024px; --smush-placeholder-aspect-ratio: 1024\/1024;\"><noscript><img width=\"1024\" height=\"1024\" src=\"https:\/\/www.kx-oraio.com\/wp-content\/uploads\/2020\/04\/map-el-salvador-1024x1024.jpg\" class=\"attachment-large size-large\" alt=\"El Salvador Landkarte\" loading=\"lazy\" srcset=\"https:\/\/www.kx-oraio.com\/wp-content\/uploads\/2020\/04\/map-el-salvador-1024x1024.jpg 1024w, https:\/\/www.kx-oraio.com\/wp-content\/uploads\/2020\/04\/map-el-salvador-300x300.jpg 300w, https:\/\/www.kx-oraio.com\/wp-content\/uploads\/2020\/04\/map-el-salvador-150x150.jpg 150w, https:\/\/www.kx-oraio.com\/wp-content\/uploads\/2020\/04\/map-el-salvador-600x600.jpg 600w, https:\/\/www.kx-oraio.com\/wp-content\/uploads\/2020\/04\/map-el-salvador.jpg 1200w\" sizes=\"(max-width: 1024px) 100vw, 1024px\" title=\"\"><\/noscript><\/div><\/div><\/div><\/div><\/div><\/div><\/div><\/section><section class=\"l-section wpb_row height_medium\"><div class=\"l-section-h i-cf\"><div class=\"g-cols vc_row via_flex valign_top type_default\"><div class=\"vc_col-sm-12 wpb_column vc_column_container\"><div class=\"vc_column-inner\"><div class=\"wpb_wrapper\"><div class=\"wpb_text_column\"><div class=\"wpb_wrapper\"><h2>Bourbon, Pacas und Co. aus El Salvador<\/h2>\n<p>Der Grossteil von Salvador SHG entf\u00e4llt auf Bourbon. Dieser gilt als besonders edler Arabica Kaffee mit facettenreichen fruchtigen Noten, einer nat\u00fcrlichen S\u00fcsse und einer mild ausbalancierten S\u00e4ure. Des Weiteren sind die \u00e4hnliche Sorte Pacas und in geringen Mengen Pacamara, Caturra, Catuai und Catistic enthalten. Bei allen Sorten handelt es sich um gewaschenen Arabica Kaffee. Die Dauer der Fermentation betr\u00e4gt abh\u00e4ngig von der H\u00f6henlage zwischen acht und 15 Stunden.<\/p>\n<\/div><\/div><\/div><\/div><\/div><\/div><\/div><\/section><section class=\"l-section wpb_row height_medium\"><div class=\"l-section-h i-cf\"><div class=\"g-cols vc_row via_flex valign_top type_default\"><div class=\"vc_col-sm-4 wpb_column vc_column_container\"><div class=\"vc_column-inner\"><div class=\"wpb_wrapper\"><div class=\"w-image align_none\"><div class=\"w-image-h\"><img width=\"1024\" height=\"1024\" data-src=\"https:\/\/www.kx-oraio.com\/wp-content\/uploads\/2020\/04\/Salvador-SHG-volcano-soil-1-1024x1024.jpeg\" class=\"attachment-large size-large lazyload\" alt=\"Salvador SHG Vulkanerde\" loading=\"lazy\" data-srcset=\"https:\/\/www.kx-oraio.com\/wp-content\/uploads\/2020\/04\/Salvador-SHG-volcano-soil-1-1024x1024.jpeg 1024w, https:\/\/www.kx-oraio.com\/wp-content\/uploads\/2020\/04\/Salvador-SHG-volcano-soil-1-300x300.jpeg 300w, https:\/\/www.kx-oraio.com\/wp-content\/uploads\/2020\/04\/Salvador-SHG-volcano-soil-1-150x150.jpeg 150w, https:\/\/www.kx-oraio.com\/wp-content\/uploads\/2020\/04\/Salvador-SHG-volcano-soil-1-600x600.jpeg 600w, https:\/\/www.kx-oraio.com\/wp-content\/uploads\/2020\/04\/Salvador-SHG-volcano-soil-1.jpeg 1200w\" data-sizes=\"(max-width: 1024px) 100vw, 1024px\" title=\"\" src=\"data:image\/gif;base64,R0lGODlhAQABAAAAACH5BAEKAAEALAAAAAABAAEAAAICTAEAOw==\" style=\"--smush-placeholder-width: 1024px; --smush-placeholder-aspect-ratio: 1024\/1024;\"><noscript><img width=\"1024\" height=\"1024\" src=\"https:\/\/www.kx-oraio.com\/wp-content\/uploads\/2020\/04\/Salvador-SHG-volcano-soil-1-1024x1024.jpeg\" class=\"attachment-large size-large\" alt=\"Salvador SHG Vulkanerde\" loading=\"lazy\" srcset=\"https:\/\/www.kx-oraio.com\/wp-content\/uploads\/2020\/04\/Salvador-SHG-volcano-soil-1-1024x1024.jpeg 1024w, https:\/\/www.kx-oraio.com\/wp-content\/uploads\/2020\/04\/Salvador-SHG-volcano-soil-1-300x300.jpeg 300w, https:\/\/www.kx-oraio.com\/wp-content\/uploads\/2020\/04\/Salvador-SHG-volcano-soil-1-150x150.jpeg 150w, https:\/\/www.kx-oraio.com\/wp-content\/uploads\/2020\/04\/Salvador-SHG-volcano-soil-1-600x600.jpeg 600w, https:\/\/www.kx-oraio.com\/wp-content\/uploads\/2020\/04\/Salvador-SHG-volcano-soil-1.jpeg 1200w\" sizes=\"(max-width: 1024px) 100vw, 1024px\" title=\"\"><\/noscript><\/div><\/div><\/div><\/div><\/div><div class=\"vc_col-sm-4 wpb_column vc_column_container\"><div class=\"vc_column-inner\"><div class=\"wpb_wrapper\"><div class=\"w-image align_none\"><div class=\"w-image-h\"><img width=\"1024\" height=\"1024\" data-src=\"https:\/\/www.kx-oraio.com\/wp-content\/uploads\/2020\/04\/Salvador-SHG-arabica-coffee-beans-1024x1024.jpg\" class=\"attachment-large size-large lazyload\" alt=\"Salvador SHG Arabica Kaffeebohnen\" loading=\"lazy\" data-srcset=\"https:\/\/www.kx-oraio.com\/wp-content\/uploads\/2020\/04\/Salvador-SHG-arabica-coffee-beans-1024x1024.jpg 1024w, https:\/\/www.kx-oraio.com\/wp-content\/uploads\/2020\/04\/Salvador-SHG-arabica-coffee-beans-300x300.jpg 300w, https:\/\/www.kx-oraio.com\/wp-content\/uploads\/2020\/04\/Salvador-SHG-arabica-coffee-beans-150x150.jpg 150w, https:\/\/www.kx-oraio.com\/wp-content\/uploads\/2020\/04\/Salvador-SHG-arabica-coffee-beans-600x600.jpg 600w, https:\/\/www.kx-oraio.com\/wp-content\/uploads\/2020\/04\/Salvador-SHG-arabica-coffee-beans.jpg 1200w\" data-sizes=\"(max-width: 1024px) 100vw, 1024px\" title=\"\" src=\"data:image\/gif;base64,R0lGODlhAQABAAAAACH5BAEKAAEALAAAAAABAAEAAAICTAEAOw==\" style=\"--smush-placeholder-width: 1024px; --smush-placeholder-aspect-ratio: 1024\/1024;\"><noscript><img width=\"1024\" height=\"1024\" src=\"https:\/\/www.kx-oraio.com\/wp-content\/uploads\/2020\/04\/Salvador-SHG-arabica-coffee-beans-1024x1024.jpg\" class=\"attachment-large size-large\" alt=\"Salvador SHG Arabica Kaffeebohnen\" loading=\"lazy\" srcset=\"https:\/\/www.kx-oraio.com\/wp-content\/uploads\/2020\/04\/Salvador-SHG-arabica-coffee-beans-1024x1024.jpg 1024w, https:\/\/www.kx-oraio.com\/wp-content\/uploads\/2020\/04\/Salvador-SHG-arabica-coffee-beans-300x300.jpg 300w, https:\/\/www.kx-oraio.com\/wp-content\/uploads\/2020\/04\/Salvador-SHG-arabica-coffee-beans-150x150.jpg 150w, https:\/\/www.kx-oraio.com\/wp-content\/uploads\/2020\/04\/Salvador-SHG-arabica-coffee-beans-600x600.jpg 600w, https:\/\/www.kx-oraio.com\/wp-content\/uploads\/2020\/04\/Salvador-SHG-arabica-coffee-beans.jpg 1200w\" sizes=\"(max-width: 1024px) 100vw, 1024px\" title=\"\"><\/noscript><\/div><\/div><\/div><\/div><\/div><div class=\"vc_col-sm-4 wpb_column vc_column_container\"><div class=\"vc_column-inner\"><div class=\"wpb_wrapper\"><div class=\"w-image align_none\"><div class=\"w-image-h\"><img width=\"1024\" height=\"1024\" data-src=\"https:\/\/www.kx-oraio.com\/wp-content\/uploads\/2020\/04\/el-salvador-arabica-coffee-shg-1024x1024.jpg\" class=\"attachment-large size-large lazyload\" alt=\"El Salvador gewaschener Arabica Kaffee SHG\" loading=\"lazy\" data-srcset=\"https:\/\/www.kx-oraio.com\/wp-content\/uploads\/2020\/04\/el-salvador-arabica-coffee-shg-1024x1024.jpg 1024w, https:\/\/www.kx-oraio.com\/wp-content\/uploads\/2020\/04\/el-salvador-arabica-coffee-shg-300x300.jpg 300w, https:\/\/www.kx-oraio.com\/wp-content\/uploads\/2020\/04\/el-salvador-arabica-coffee-shg-150x150.jpg 150w, https:\/\/www.kx-oraio.com\/wp-content\/uploads\/2020\/04\/el-salvador-arabica-coffee-shg-600x600.jpg 600w, https:\/\/www.kx-oraio.com\/wp-content\/uploads\/2020\/04\/el-salvador-arabica-coffee-shg.jpg 1200w\" data-sizes=\"(max-width: 1024px) 100vw, 1024px\" title=\"\" src=\"data:image\/gif;base64,R0lGODlhAQABAAAAACH5BAEKAAEALAAAAAABAAEAAAICTAEAOw==\" style=\"--smush-placeholder-width: 1024px; --smush-placeholder-aspect-ratio: 1024\/1024;\"><noscript><img width=\"1024\" height=\"1024\" src=\"https:\/\/www.kx-oraio.com\/wp-content\/uploads\/2020\/04\/el-salvador-arabica-coffee-shg-1024x1024.jpg\" class=\"attachment-large size-large\" alt=\"El Salvador gewaschener Arabica Kaffee SHG\" loading=\"lazy\" srcset=\"https:\/\/www.kx-oraio.com\/wp-content\/uploads\/2020\/04\/el-salvador-arabica-coffee-shg-1024x1024.jpg 1024w, https:\/\/www.kx-oraio.com\/wp-content\/uploads\/2020\/04\/el-salvador-arabica-coffee-shg-300x300.jpg 300w, https:\/\/www.kx-oraio.com\/wp-content\/uploads\/2020\/04\/el-salvador-arabica-coffee-shg-150x150.jpg 150w, https:\/\/www.kx-oraio.com\/wp-content\/uploads\/2020\/04\/el-salvador-arabica-coffee-shg-600x600.jpg 600w, https:\/\/www.kx-oraio.com\/wp-content\/uploads\/2020\/04\/el-salvador-arabica-coffee-shg.jpg 1200w\" sizes=\"(max-width: 1024px) 100vw, 1024px\" title=\"\"><\/noscript><\/div><\/div><\/div><\/div><\/div><\/div><\/div><\/section><section class=\"l-section wpb_row height_medium\"><div class=\"l-section-h i-cf\"><div class=\"g-cols vc_row via_flex valign_top type_default\"><div class=\"vc_col-sm-12 wpb_column vc_column_container\"><div class=\"vc_column-inner\"><div class=\"wpb_wrapper\"><div class=\"wpb_text_column\"><div class=\"wpb_wrapper\"><h2>Salvador SHG erleben<\/h2>\n<p>Wenn Sie Salvador SHG auf dem eigenen Gaumen sp\u00fcren m\u00f6chten, bieten sich dazu zwei Sorten an: <a href=\"https:\/\/www.kx-oraio.com\/oraio-silver\/\">ORAIO SILVER<\/a> und <a href=\"https:\/\/www.kx-oraio.com\/oraio-gold\/\">ORAIO GOLD<\/a>. Der <a href=\"https:\/\/www.kx-oraio.com\/oraio-silver\/\">ORAIO SILVER<\/a> ist f\u00fcr Freunde von reinem Arabica Kaffee zu empfehlen. Neben den Bohnen aus El Salvador ist nur noch der Arabica Brasil Santos NY2 17\/18 Guaxupe Dulce enthalten. Wer gerne mit einem milden Kaffee in den Tag startet und am Nachmittag ein rundes, niemals aufdringliches Aroma sch\u00e4tzt, trifft hier die richtige Wahl.<\/p>\n<p><a href=\"https:\/\/www.kx-oraio.com\/\">M\u00f6gen Sie Ihren Kaffee<\/a> aber etwas kr\u00e4ftiger, passt der <a href=\"https:\/\/www.kx-oraio.com\/oraio-gold\/\">ORAIO GOLD<\/a> sehr gut zu Ihnen. Salvador SHG verbindet sich auch hier mit Brasil Santos NY2 17\/18 Guaxupe Dulce. F\u00fcr den gew\u00fcnschten Schuss an Energie sorgt der Robusta Ind. Cherry A screen 17. Ankl\u00e4nge an Honig und Karamell, feine Butternoten und ein Hauch kandierter Fr\u00fcchte verleihen dem <a href=\"https:\/\/www.kx-oraio.com\/oraio-gold\/\">ORAIO GOLD<\/a> ein nuancenreiches Tassenprofil f\u00fcr Kenner.<\/p>\n<\/div><\/div><\/div><\/div><\/div><\/div><\/div><\/section><section class=\"l-section wpb_row height_medium\"><div class=\"l-section-h i-cf\"><div class=\"g-cols vc_row via_flex valign_top type_default\"><div class=\"vc_col-sm-12 wpb_column vc_column_container\"><div class=\"vc_column-inner\"><div class=\"wpb_wrapper\"><div class=\"g-cols wpb_row via_flex valign_top type_default\"><div class=\"vc_col-sm-6 wpb_column vc_column_container\"><div class=\"vc_column-inner\"><div class=\"wpb_wrapper\"><div class=\"w-image align_none\"><div class=\"w-image-h\"><img width=\"1024\" height=\"1024\" data-src=\"https:\/\/www.kx-oraio.com\/wp-content\/uploads\/2020\/01\/ORAIO-GOLD-250g.jpg\" class=\"attachment-large size-large lazyload\" alt=\"ORAIO GOLD starker Kaffee\" loading=\"lazy\" data-srcset=\"https:\/\/www.kx-oraio.com\/wp-content\/uploads\/2020\/01\/ORAIO-GOLD-250g.jpg 1200w, https:\/\/www.kx-oraio.com\/wp-content\/uploads\/2020\/01\/ORAIO-GOLD-250g-300x300.jpg 300w, https:\/\/www.kx-oraio.com\/wp-content\/uploads\/2020\/01\/ORAIO-GOLD-250g-150x150.jpg 150w, https:\/\/www.kx-oraio.com\/wp-content\/uploads\/2020\/01\/ORAIO-GOLD-250g-600x600.jpg 600w\" data-sizes=\"(max-width: 1024px) 100vw, 1024px\" title=\"\" src=\"data:image\/gif;base64,R0lGODlhAQABAAAAACH5BAEKAAEALAAAAAABAAEAAAICTAEAOw==\" style=\"--smush-placeholder-width: 1024px; --smush-placeholder-aspect-ratio: 1024\/1024;\"><noscript><img width=\"1024\" height=\"1024\" src=\"https:\/\/www.kx-oraio.com\/wp-content\/uploads\/2020\/01\/ORAIO-GOLD-250g.jpg\" class=\"attachment-large size-large\" alt=\"ORAIO GOLD starker Kaffee\" loading=\"lazy\" srcset=\"https:\/\/www.kx-oraio.com\/wp-content\/uploads\/2020\/01\/ORAIO-GOLD-250g.jpg 1200w, https:\/\/www.kx-oraio.com\/wp-content\/uploads\/2020\/01\/ORAIO-GOLD-250g-300x300.jpg 300w, https:\/\/www.kx-oraio.com\/wp-content\/uploads\/2020\/01\/ORAIO-GOLD-250g-150x150.jpg 150w, https:\/\/www.kx-oraio.com\/wp-content\/uploads\/2020\/01\/ORAIO-GOLD-250g-600x600.jpg 600w\" sizes=\"(max-width: 1024px) 100vw, 1024px\" title=\"\"><\/noscript><\/div><\/div><div class=\"w-separator size_small\"><\/div><div class=\"w-btn-wrapper align_center\"><a class=\"w-btn us-btn-style_1\" title=\"ORAIO GOLD\" href=\"https:\/\/www.kx-oraio.com\/oraio-gold\/\"><span class=\"w-btn-label\">Probieren Sie ORAIO GOLD jetzt aus!<\/span><\/a><\/div><\/div><\/div><\/div><div class=\"vc_col-sm-6 wpb_column vc_column_container\"><div class=\"vc_column-inner\"><div class=\"wpb_wrapper\"><div class=\"w-image align_none\"><div class=\"w-image-h\"><img width=\"1024\" height=\"1024\" data-src=\"https:\/\/www.kx-oraio.com\/wp-content\/uploads\/2020\/01\/ORAIO-SILVER-250g.jpg\" class=\"attachment-large size-large lazyload\" alt=\"ORAIO SILVER feine guten Morgen Kaffee, feine Kaffee\" loading=\"lazy\" data-srcset=\"https:\/\/www.kx-oraio.com\/wp-content\/uploads\/2020\/01\/ORAIO-SILVER-250g.jpg 1200w, https:\/\/www.kx-oraio.com\/wp-content\/uploads\/2020\/01\/ORAIO-SILVER-250g-300x300.jpg 300w, https:\/\/www.kx-oraio.com\/wp-content\/uploads\/2020\/01\/ORAIO-SILVER-250g-150x150.jpg 150w, https:\/\/www.kx-oraio.com\/wp-content\/uploads\/2020\/01\/ORAIO-SILVER-250g-600x600.jpg 600w\" data-sizes=\"(max-width: 1024px) 100vw, 1024px\" title=\"\" src=\"data:image\/gif;base64,R0lGODlhAQABAAAAACH5BAEKAAEALAAAAAABAAEAAAICTAEAOw==\" style=\"--smush-placeholder-width: 1024px; --smush-placeholder-aspect-ratio: 1024\/1024;\"><noscript><img width=\"1024\" height=\"1024\" src=\"https:\/\/www.kx-oraio.com\/wp-content\/uploads\/2020\/01\/ORAIO-SILVER-250g.jpg\" class=\"attachment-large size-large\" alt=\"ORAIO SILVER feine guten Morgen Kaffee, feine Kaffee\" loading=\"lazy\" srcset=\"https:\/\/www.kx-oraio.com\/wp-content\/uploads\/2020\/01\/ORAIO-SILVER-250g.jpg 1200w, https:\/\/www.kx-oraio.com\/wp-content\/uploads\/2020\/01\/ORAIO-SILVER-250g-300x300.jpg 300w, https:\/\/www.kx-oraio.com\/wp-content\/uploads\/2020\/01\/ORAIO-SILVER-250g-150x150.jpg 150w, https:\/\/www.kx-oraio.com\/wp-content\/uploads\/2020\/01\/ORAIO-SILVER-250g-600x600.jpg 600w\" sizes=\"(max-width: 1024px) 100vw, 1024px\" title=\"\"><\/noscript><\/div><\/div><div class=\"w-separator size_small\"><\/div><div class=\"w-btn-wrapper align_center\"><a class=\"w-btn us-btn-style_1\" title=\"ORAIO SILVER\" href=\"https:\/\/www.kx-oraio.com\/oraio-silver\/\"><span class=\"w-btn-label\">Geniessen Sie jetzt unser ORAIO SILVER!<\/span><\/a><\/div><\/div><\/div><\/div><\/div><\/div><\/div><\/div><\/div><\/div><\/section><section class=\"l-section wpb_row height_medium\"><div class=\"l-section-h i-cf\"><div class=\"g-cols vc_row via_flex valign_top type_default\"><div class=\"vc_col-sm-12 wpb_column vc_column_container\"><div class=\"vc_column-inner\"><div class=\"wpb_wrapper\"><div class=\"wpb_text_column\"><div class=\"wpb_wrapper\"><h2>Echtes Kulturprodukt mit Tradition<\/h2>\n<p>Die Geschichte des Kaffeeanbaus in EL Salvador reicht bis in das Jahr 1740 zur\u00fcck. In 380 Jahren hat sich ein reicher Erfahrungsschatz angesammelt, der dem Geniesser heute zugutekommt. In El Salvador ist Kaffee mehr als ein Produkt f\u00fcr den Export. Der Anbau ist integraler Bestandteil der Landeskultur. K\u00f6nnerschaft und Wissen der Kaffeebauern beeindrucken die Fachwelt.<\/p>\n<\/div><\/div><div class=\"w-separator size_medium\"><\/div><\/div><\/div><\/div><\/div><\/div><\/section>\n","protected":false},"excerpt":{"rendered":"Salvador SHG &#8211; erlesener Arabica Kaffee aus Zentralamerika Das zentralamerikanische El Salvador ist mit einer Fl\u00e4che von rund 21.000 km\u00b2 ein kleines Land. Im Anbau von hochwertigem Arabica Kaffee geh\u00f6rt es aber zu den Grossen. Das merken Sie besonders am Salvador SHG. Die Abk\u00fcrzung steht f\u00fcr &#8222;Strictly High Grown&#8220; und kennzeichnet einen Anbau in H\u00f6henlagen...","protected":false},"author":1,"featured_media":8811,"parent":9719,"menu_order":0,"comment_status":"closed","ping_status":"closed","template":"","meta":[],"amp_enabled":true,"_links":{"self":[{"href":"https:\/\/www.kx-oraio.com\/de\/wp-json\/wp\/v2\/pages\/8931"}],"collection":[{"href":"https:\/\/www.kx-oraio.com\/de\/wp-json\/wp\/v2\/pages"}],"about":[{"href":"https:\/\/www.kx-oraio.com\/de\/wp-json\/wp\/v2\/types\/page"}],"author":[{"embeddable":true,"href":"https:\/\/www.kx-oraio.com\/de\/wp-json\/wp\/v2\/users\/1"}],"replies":[{"embeddable":true,"href":"https:\/\/www.kx-oraio.com\/de\/wp-json\/wp\/v2\/comments?post=8931"}],"version-history":[{"count":2,"href":"https:\/\/www.kx-oraio.com\/de\/wp-json\/wp\/v2\/pages\/8931\/revisions"}],"predecessor-version":[{"id":8989,"href":"https:\/\/www.kx-oraio.com\/de\/wp-json\/wp\/v2\/pages\/8931\/revisions\/8989"}],"up":[{"embeddable":true,"href":"https:\/\/www.kx-oraio.com\/de\/wp-json\/wp\/v2\/pages\/9719"}],"wp:featuredmedia":[{"embeddable":true,"href":"https:\/\/www.kx-oraio.com\/de\/wp-json\/wp\/v2\/media\/8811"}],"wp:attachment":[{"href":"https:\/\/www.kx-oraio.com\/de\/wp-json\/wp\/v2\/media?parent=8931"}],"curies":[{"name":"wp","href":"https:\/\/api.w.org\/{rel}","templated":true}]}}