{"id":9724,"date":"2020-06-15T19:59:44","date_gmt":"2020-06-15T17:59:44","guid":{"rendered":"https:\/\/www.kx-oraio.com\/kaffeerezepte\/griechischer-kaffee-frappe\/"},"modified":"2020-07-10T11:17:07","modified_gmt":"2020-07-10T09:17:07","slug":"griechischer-kaffee-frappe","status":"publish","type":"page","link":"https:\/\/www.kx-oraio.com\/de\/kaffeerezepte\/griechischer-kaffee-frappe\/","title":{"rendered":"Griechischer Kaffee Frapp\u00e9"},"content":{"rendered":"<section class=\"l-section wpb_row height_medium\"><div class=\"l-section-h i-cf\"><div class=\"g-cols vc_row via_flex valign_top type_default\"><div class=\"vc_col-sm-12 wpb_column vc_column_container\"><div class=\"vc_column-inner\"><div class=\"wpb_wrapper\"><div class=\"g-cols wpb_row via_flex valign_middle type_default\"><div class=\"vc_col-sm-8 wpb_column vc_column_container\"><div class=\"vc_column-inner\"><div class=\"wpb_wrapper\"><div class=\"w-image align_none\"><div class=\"w-image-h\"><img width=\"1024\" height=\"1024\" data-src=\"https:\/\/www.kx-oraio.com\/wp-content\/uploads\/2020\/06\/greek-caffe-frappe.jpg\" class=\"attachment-full size-full lazyload\" alt=\"Griechischer Kaffee Frapp\u00e9\" loading=\"lazy\" data-srcset=\"https:\/\/www.kx-oraio.com\/wp-content\/uploads\/2020\/06\/greek-caffe-frappe.jpg 1024w, https:\/\/www.kx-oraio.com\/wp-content\/uploads\/2020\/06\/greek-caffe-frappe-300x300.jpg 300w, https:\/\/www.kx-oraio.com\/wp-content\/uploads\/2020\/06\/greek-caffe-frappe-150x150.jpg 150w, https:\/\/www.kx-oraio.com\/wp-content\/uploads\/2020\/06\/greek-caffe-frappe-600x600.jpg 600w\" data-sizes=\"(max-width: 1024px) 100vw, 1024px\" title=\"\" src=\"data:image\/gif;base64,R0lGODlhAQABAAAAACH5BAEKAAEALAAAAAABAAEAAAICTAEAOw==\" style=\"--smush-placeholder-width: 1024px; --smush-placeholder-aspect-ratio: 1024\/1024;\"><noscript><img width=\"1024\" height=\"1024\" src=\"https:\/\/www.kx-oraio.com\/wp-content\/uploads\/2020\/06\/greek-caffe-frappe.jpg\" class=\"attachment-full size-full\" alt=\"Griechischer Kaffee Frapp\u00e9\" loading=\"lazy\" srcset=\"https:\/\/www.kx-oraio.com\/wp-content\/uploads\/2020\/06\/greek-caffe-frappe.jpg 1024w, https:\/\/www.kx-oraio.com\/wp-content\/uploads\/2020\/06\/greek-caffe-frappe-300x300.jpg 300w, https:\/\/www.kx-oraio.com\/wp-content\/uploads\/2020\/06\/greek-caffe-frappe-150x150.jpg 150w, https:\/\/www.kx-oraio.com\/wp-content\/uploads\/2020\/06\/greek-caffe-frappe-600x600.jpg 600w\" sizes=\"(max-width: 1024px) 100vw, 1024px\" title=\"\"><\/noscript><\/div><\/div><\/div><\/div><\/div><div class=\"vc_col-sm-4 wpb_column vc_column_container\"><div class=\"vc_column-inner\"><div class=\"wpb_wrapper\"><div class=\"w-iconbox iconpos_left style_default color_primary align_left\"><div class=\"w-iconbox-icon\" style=\"font-size:2rem;\"><i class=\"far fa-temperature-high\"><\/i><\/div><div class=\"w-iconbox-meta\"><h4 class=\"w-iconbox-title\">Temperatur<\/h4><div class=\"w-iconbox-text\"><p>kalt<\/p>\n<\/div><\/div><\/div><div class=\"w-separator size_small\"><\/div><div class=\"w-iconbox iconpos_left style_default color_primary align_left\"><div class=\"w-iconbox-icon\" style=\"font-size:2rem;\"><i class=\"fal fa-mug\"><\/i><\/div><div class=\"w-iconbox-meta\"><h4 class=\"w-iconbox-title\">Portionen<\/h4><div class=\"w-iconbox-text\"><p>1<\/p>\n<\/div><\/div><\/div><div class=\"w-separator size_small\"><\/div><div class=\"w-iconbox iconpos_left style_default color_primary align_left\"><div class=\"w-iconbox-icon\" style=\"font-size:2rem;\"><i class=\"fal fa-jug\"><\/i><\/div><div class=\"w-iconbox-meta\"><h4 class=\"w-iconbox-title\">Milch<\/h4><div class=\"w-iconbox-text\"><p>kann hinzugef\u00fcgt werden<\/p>\n<\/div><\/div><\/div><div class=\"w-separator size_small\"><\/div><\/div><\/div><\/div><\/div><\/div><\/div><\/div><\/div><\/div><\/section><section class=\"l-section wpb_row height_medium\"><div class=\"l-section-h i-cf\"><div class=\"g-cols vc_row via_flex valign_top type_default\"><div class=\"vc_col-sm-12 wpb_column vc_column_container\"><div class=\"vc_column-inner\"><div class=\"wpb_wrapper\"><div class=\"wpb_text_column\"><div class=\"wpb_wrapper\"><h2>Wie man griechisches Caff\u00e9 Frapp\u00e9 macht:<\/h2>\n<\/div><\/div><div class=\"wpb_text_column\"><div class=\"wpb_wrapper\"><p>Der griechische Caff\u00e9 frapp\u00e9 ist ein Eiskaffeegetr\u00e4nk, das aus Instantkaffee, Wasser, Zucker und Milch hergestellt wird. Das Frapp\u00e9 wurde 1957 in Thessaloniki von Dimitris Vakondios, einem Nescaf\u00e9-Vertreter, durch Experimente erfunden.<\/p>\n<p>Griechischer Kaffeefrapp\u00e9 ist eines der beliebtesten Getr\u00e4nke in Griechenland.<\/p>\n<\/div><\/div><div class=\"w-separator size_medium\"><\/div><div class=\"g-cols wpb_row via_flex valign_middle type_default\"><div class=\"vc_col-sm-2 wpb_column vc_column_container\"><div class=\"vc_column-inner\"><div class=\"wpb_wrapper\"><\/div><\/div><\/div><div class=\"vc_col-sm-8 wpb_column vc_column_container\"><div class=\"vc_column-inner\"><div class=\"wpb_wrapper\"><div class=\"w-separator size_small\"><\/div><div class=\"wpb_text_column\"><div class=\"wpb_wrapper\"><ol>\n<li><strong>Verwenden Sie einen Essl\u00f6ffel zum Messen oder eine K\u00fcchenwaage.<\/strong><\/li>\n<li>F\u00fcgen Sie 2 Essl\u00f6ffel oder 6 Gramm l\u00f6slichen Kaffee hinzu (Wir empfehlen Nescaf\u00e9 classic (am besten die griechische Version).<\/li>\n<li>F\u00fcgen Sie 2 Essl\u00f6ffel Zucker oder 20 Gramm hinzu.<\/li>\n<li>F\u00fcgen Sie 4 Essl\u00f6ffel Wasser oder 20 Gramm hinzu.<\/li>\n<li>R\u00fchren Sie bis sich steifer Schaum bildet. Sie k\u00f6nnen alles zum Quirlen verwenden. Machen Sie es von Hand oder benutzen Sie eine Maschine, alles funktioniert.<\/li>\n<li>Geben Sie die gew\u00fcnschte Menge Eisw\u00fcrfel in ein Glas.<\/li>\n<li>Verwenden Sie einen L\u00f6ffel oder Spatel, um den Kaffeeschaum auf die Eisw\u00fcrfel zu geben.<\/li>\n<li>F\u00fcgen Sie Wasser hinzu. Achten Sie darauf, dass Sie es am Rand des Glases entlang giessen.<\/li>\n<li>Wenn Sie m\u00f6chten, k\u00f6nnen Sie etwas Milch und Zucker hinzuf\u00fcgen.<\/li>\n<li>Fertig. Ihr griechisches Caff\u00e9 Frapp\u00e9 ist bereit zu genie\u00dfen.<\/li>\n<\/ol>\n<\/div><\/div><\/div><\/div><\/div><div class=\"vc_col-sm-2 wpb_column vc_column_container\"><div class=\"vc_column-inner\"><div class=\"wpb_wrapper\"><\/div><\/div><\/div><\/div><\/div><\/div><\/div><\/div><\/div><\/section>\n","protected":false},"excerpt":{"rendered":"Temperaturkalt Portionen1 Milchkann hinzugef\u00fcgt werden Wie man griechisches Caff\u00e9 Frapp\u00e9 macht: Der griechische Caff\u00e9 frapp\u00e9 ist ein Eiskaffeegetr\u00e4nk, das aus Instantkaffee, Wasser, Zucker und Milch hergestellt wird. Das Frapp\u00e9 wurde 1957 in Thessaloniki von Dimitris Vakondios, einem Nescaf\u00e9-Vertreter, durch Experimente erfunden. Griechischer Kaffeefrapp\u00e9 ist eines der beliebtesten Getr\u00e4nke in Griechenland. Verwenden Sie einen Essl\u00f6ffel zum...","protected":false},"author":1,"featured_media":9655,"parent":9480,"menu_order":0,"comment_status":"closed","ping_status":"closed","template":"","meta":[],"amp_enabled":true,"_links":{"self":[{"href":"https:\/\/www.kx-oraio.com\/de\/wp-json\/wp\/v2\/pages\/9724"}],"collection":[{"href":"https:\/\/www.kx-oraio.com\/de\/wp-json\/wp\/v2\/pages"}],"about":[{"href":"https:\/\/www.kx-oraio.com\/de\/wp-json\/wp\/v2\/types\/page"}],"author":[{"embeddable":true,"href":"https:\/\/www.kx-oraio.com\/de\/wp-json\/wp\/v2\/users\/1"}],"replies":[{"embeddable":true,"href":"https:\/\/www.kx-oraio.com\/de\/wp-json\/wp\/v2\/comments?post=9724"}],"version-history":[{"count":2,"href":"https:\/\/www.kx-oraio.com\/de\/wp-json\/wp\/v2\/pages\/9724\/revisions"}],"predecessor-version":[{"id":10189,"href":"https:\/\/www.kx-oraio.com\/de\/wp-json\/wp\/v2\/pages\/9724\/revisions\/10189"}],"up":[{"embeddable":true,"href":"https:\/\/www.kx-oraio.com\/de\/wp-json\/wp\/v2\/pages\/9480"}],"wp:featuredmedia":[{"embeddable":true,"href":"https:\/\/www.kx-oraio.com\/de\/wp-json\/wp\/v2\/media\/9655"}],"wp:attachment":[{"href":"https:\/\/www.kx-oraio.com\/de\/wp-json\/wp\/v2\/media?parent=9724"}],"curies":[{"name":"wp","href":"https:\/\/api.w.org\/{rel}","templated":true}]}}