{"id":9826,"date":"2020-06-24T18:00:05","date_gmt":"2020-06-24T16:00:05","guid":{"rendered":"https:\/\/www.kx-oraio.com\/glossar\/"},"modified":"2020-06-24T18:00:06","modified_gmt":"2020-06-24T16:00:06","slug":"glossar","status":"publish","type":"page","link":"https:\/\/www.kx-oraio.com\/de\/glossar\/","title":{"rendered":"Glossar"},"content":{"rendered":"<section class=\"l-section wpb_row height_medium\"><div class=\"l-section-h i-cf\"><div class=\"g-cols vc_row via_flex valign_top type_default\"><div class=\"vc_col-sm-12 wpb_column vc_column_container\"><div class=\"vc_column-inner\"><div class=\"wpb_wrapper\"><div class=\"wpb_text_column\"><div class=\"wpb_wrapper\"><div class=\"wpg-list-wrapper wpg-list-wrapper-template-alphabet\"><div class=\"wpg-list-search-form wpg-list-search-form-position-above\"><input type=\"text\" placeholder=\"Search by Keyword ...\" value=\"\" \/><\/div><div class=\"wpg-list-filter-container\"><div class=\"wpg-list-filter\"><span class=\"wpg-list-filter-row\"><a class=\" filter active\" data-filter=\"all\">All<\/a><a class=\" filter-disable\" data-filter=\".wpg-filter-0-9\">0-9<\/a><a class=\" filter\" data-filter=\".wpg-filter-a\">A<\/a><a class=\" filter-disable\" data-filter=\".wpg-filter-b\">B<\/a><a class=\" filter-disable\" data-filter=\".wpg-filter-c\">C<\/a><a class=\" filter-disable\" data-filter=\".wpg-filter-d\">D<\/a><a class=\" filter-disable\" data-filter=\".wpg-filter-e\">E<\/a><a class=\" filter-disable\" data-filter=\".wpg-filter-f\">F<\/a><a class=\" filter-disable\" data-filter=\".wpg-filter-g\">G<\/a><a class=\" filter-disable\" data-filter=\".wpg-filter-h\">H<\/a><a class=\" filter-disable\" data-filter=\".wpg-filter-i\">I<\/a><a class=\" filter-disable\" data-filter=\".wpg-filter-j\">J<\/a><a class=\" filter-disable\" data-filter=\".wpg-filter-k\">K<\/a><a class=\" filter-disable\" data-filter=\".wpg-filter-l\">L<\/a><a class=\" filter-disable\" data-filter=\".wpg-filter-m\">M<\/a><a class=\" filter-disable\" data-filter=\".wpg-filter-n\">N<\/a><a class=\" filter-disable\" data-filter=\".wpg-filter-o\">O<\/a><a class=\" filter-disable\" data-filter=\".wpg-filter-p\">P<\/a><a class=\" filter-disable\" data-filter=\".wpg-filter-q\">Q<\/a><a class=\" filter\" data-filter=\".wpg-filter-r\">R<\/a><a class=\" filter-disable\" data-filter=\".wpg-filter-s\">S<\/a><a class=\" filter-disable\" data-filter=\".wpg-filter-t\">T<\/a><a class=\" filter-disable\" data-filter=\".wpg-filter-u\">U<\/a><a class=\" filter-disable\" data-filter=\".wpg-filter-v\">V<\/a><a class=\" filter-disable\" data-filter=\".wpg-filter-w\">W<\/a><a class=\" filter-disable\" data-filter=\".wpg-filter-x\">X<\/a><a class=\" filter-disable\" data-filter=\".wpg-filter-y\">Y<\/a><a class=\" filter-disable\" data-filter=\".wpg-filter-z\">Z<\/a><\/span><\/div><\/div><div class=\"wpg-list wpg-list-template-three-column\"><div class=\"wpg-list-block wpg-filter-a mix\" data-filter-base=\"a\"><h3 class=\"wpg-list-block-heading\">A<\/h3><ul class=\"wpg-list-items\"><li class=\"wpg-list-item\"><a class=\"wpg-list-item-title\" title=\"Arabica\" href=\"https:\/\/www.kx-oraio.com\/de\/glossary\/arabica\/\" >Arabica<\/a><\/li><\/ul><\/div><div class=\"wpg-list-block wpg-filter-r mix\" data-filter-base=\"r\"><h3 class=\"wpg-list-block-heading\">R<\/h3><ul class=\"wpg-list-items\"><li class=\"wpg-list-item\"><a class=\"wpg-list-item-title\" title=\"Robusta\" href=\"https:\/\/www.kx-oraio.com\/de\/glossary\/robusta\/\" >Robusta<\/a><\/li><\/ul><\/div><\/div><div class=\"wpg-clearfix\"><\/div><\/div>\n<\/div><\/div><\/div><\/div><\/div><\/div><\/div><\/section>\n","protected":false},"excerpt":{"rendered":"Robusta Kaffeebohne Die Robustabohne, aus der der gleichnamige Kaffee gewonnen wird, findet sich vor allem zwischen dem 20. n\u00f6rdlichen sowie dem 20. s\u00fcdlichen Breitengrad. Urspr\u00fcnglich in Afrika entdeckt und erstmals bereits im 17. Jahrhundert in Indonesien gehandelt, zeichnet Robusta ein besonders hoher Koffeingehalt ebenso wie eine Widerstandsf\u00e4higkeit gegen\u00fcber Krankheiten und Erregern aus. Optisch ist die...","protected":false},"author":1,"featured_media":0,"parent":0,"menu_order":0,"comment_status":"closed","ping_status":"closed","template":"","meta":[],"amp_enabled":true,"_links":{"self":[{"href":"https:\/\/www.kx-oraio.com\/de\/wp-json\/wp\/v2\/pages\/9826"}],"collection":[{"href":"https:\/\/www.kx-oraio.com\/de\/wp-json\/wp\/v2\/pages"}],"about":[{"href":"https:\/\/www.kx-oraio.com\/de\/wp-json\/wp\/v2\/types\/page"}],"author":[{"embeddable":true,"href":"https:\/\/www.kx-oraio.com\/de\/wp-json\/wp\/v2\/users\/1"}],"replies":[{"embeddable":true,"href":"https:\/\/www.kx-oraio.com\/de\/wp-json\/wp\/v2\/comments?post=9826"}],"version-history":[{"count":1,"href":"https:\/\/www.kx-oraio.com\/de\/wp-json\/wp\/v2\/pages\/9826\/revisions"}],"predecessor-version":[{"id":9827,"href":"https:\/\/www.kx-oraio.com\/de\/wp-json\/wp\/v2\/pages\/9826\/revisions\/9827"}],"wp:attachment":[{"href":"https:\/\/www.kx-oraio.com\/de\/wp-json\/wp\/v2\/media?parent=9826"}],"curies":[{"name":"wp","href":"https:\/\/api.w.org\/{rel}","templated":true}]}}